{"id":441,"date":"2025-04-17T09:42:42","date_gmt":"2025-04-17T09:42:42","guid":{"rendered":"https:\/\/moresults.pt\/?page_id=441"},"modified":"2025-05-26T08:32:14","modified_gmt":"2025-05-26T08:32:14","slug":"sobre-nos","status":"publish","type":"page","link":"https:\/\/moresults.pt\/en\/sobre-nos\/","title":{"rendered":"About us"},"content":{"rendered":"\t\t<div data-elementor-type=\"wp-page\" data-elementor-id=\"441\" class=\"elementor elementor-441\">\n\t\t\t\t<div class=\"elementor-element elementor-element-493fd26 e-con-full e-flex e-con e-parent\" data-id=\"493fd26\" data-element_type=\"container\" data-e-type=\"container\" data-settings=\"{&quot;background_background&quot;:&quot;classic&quot;}\">\n\t\t\t\t<div class=\"elementor-element elementor-element-8edcf41 elementor-widget elementor-widget-image\" data-id=\"8edcf41\" data-element_type=\"widget\" data-e-type=\"widget\" data-widget_type=\"image.default\">\n\t\t\t\t<div class=\"elementor-widget-container\">\n\t\t\t\t\t\t\t\t\t\t\t\t\t\t\t<img decoding=\"async\" src=\"https:\/\/moresults.pt\/wp-content\/uploads\/elementor\/thumbs\/Captura-de-ecra-2025-05-23-as-11.19.38-r688andir2b1dzpuzae7kxdwmsc0aw9qvhk3p81ft6.png\" title=\"Estudos de mercado MORE Results\" alt=\"Estudos de mercado MORE Results\" loading=\"lazy\" \/>\t\t\t\t\t\t\t\t\t\t\t\t\t\t\t<\/div>\n\t\t\t\t<\/div>\n\t\t\t\t<div class=\"elementor-element elementor-element-473a832 elementor-widget elementor-widget-html\" data-id=\"473a832\" data-element_type=\"widget\" data-e-type=\"widget\" data-widget_type=\"html.default\">\n\t\t\t\t<div class=\"elementor-widget-container\">\n\t\t\t\t\t<div class=\"typewriter-container\">\n  <div class=\"linha\">\n    <span class=\"parte somos\"><\/span>\n    <span class=\"parte mais\"><\/span>\n    <span class=\"parte doque\"><\/span>\n  <\/div>\n  <div class=\"linha\">\n    <span class=\"parte uma\"><\/span>\n    <span class=\"parte empresa\"><\/span>\n  <\/div>\n  <div class=\"linha\">\n    <span class=\"parte estudos\"><\/span>\n    <span class=\"ponto-final\"><\/span>\n    <span class=\"cursor\">|<\/span>\n  <\/div>\n<\/div>\n\n<style>\n  .typewriter-container {\n    text-align: center;\n    padding: 100px 20px;\n    max-width: 900px;\n    margin: 0 auto;\n  }\n\n  .linha {\n    display: block;\n    margin-bottom: 10px;\n    font-size: 72px;\n    line-height: 1.3;\n    font-family: 'Barlow Condensed', sans-serif;\n  }\n\n  .parte {\n    display: inline;\n  }\n\n  .somos {\n    font-weight: 300;\n    text-transform: uppercase;\n    color: #cccccc;\n  }\n\n  .mais {\n    font-weight: 400;\n    text-transform: lowercase;\n    color: #ffffff;\n  }\n\n  .doque {\n    font-weight: 400;\n    text-transform: lowercase;\n    color: #ffffff;\n  }\n\n  .uma {\n    font-weight: 900;\n    text-transform: uppercase;\n    color: #F9423A;\n    font-size: 85px;\n  }\n\n  .empresa {\n    font-weight: 200;\n    text-transform: lowercase;\n    color: #ffffff;\n  }\n\n  .estudos {\n    font-weight: 300;\n    font-style: italic;\n    text-transform: uppercase;\n    color: #cccccc;\n  }\n\n  .ponto-final {\n    color: #F9423A;\n    font-size: 85px;\n  }\n\n  .cursor {\n    color: #F9423A;\n    animation: blink 1s step-end infinite;\n  }\n\n  @keyframes blink {\n    50% { opacity: 0; }\n  }\n\n  @media (max-width: 768px) {\n    .linha {\n      font-size: 36px;\n    }\n\n    .uma {\n      font-size: 44px;\n    }\n\n    .ponto-final {\n      font-size: 44px;\n    }\n  }\n<\/style>\n``\n\n\n<script>\n  document.addEventListener(\"DOMContentLoaded\", function () {\n    const partes = [\n      { classe: \"somos\", texto: \"SOMOS \" },\n      { classe: \"mais\", texto: \"\\\"mais\\\" \" },\n      { classe: \"doque\", texto: \"do que\" },\n      { classe: \"uma\", texto: \"UMA \" },\n      { classe: \"empresa\", texto: \"empresa de\" },\n      { classe: \"estudos\", texto: \"ESTUDOS DE MERCADO\" },\n     { classe: \"ponto-final\", texto: \".\" }\n    ];\n\n    let currentPart = 0;\n    let currentChar = 0;\n\n    function escreverParte() {\n      if (currentPart >= partes.length) {\n        document.querySelector(\".cursor\").style.display = \"none\";\n        return;\n      }\n\n      const parte = partes[currentPart];\n      const span = document.querySelector(\".\" + parte.classe);\n      if (currentChar < parte.texto.length) {\n        span.textContent += parte.texto.charAt(currentChar);\n        currentChar++;\n        setTimeout(escreverParte, 50);\n      } else {\n        currentPart++;\n        currentChar = 0;\n        setTimeout(escreverParte, 100);\n      }\n    }\n\n    escreverParte();\n  });\n<\/script>\n\n\t\t\t\t<\/div>\n\t\t\t\t<\/div>\n\t\t\t\t<\/div>\n\t\t<div class=\"elementor-element elementor-element-8f16a41 e-flex e-con-boxed e-con e-parent\" data-id=\"8f16a41\" data-element_type=\"container\" data-e-type=\"container\" data-settings=\"{&quot;background_background&quot;:&quot;classic&quot;}\">\n\t\t\t\t\t<div class=\"e-con-inner\">\n\t\t\t\t<div class=\"elementor-element elementor-element-cb6fcd1 elementor-widget elementor-widget-text-editor\" data-id=\"cb6fcd1\" data-element_type=\"widget\" data-e-type=\"widget\" data-widget_type=\"text-editor.default\">\n\t\t\t\t<div class=\"elementor-widget-container\">\n\t\t\t\t\t\t\t\t\t<div class=\"mvv-bloco\">\n  <h6 class=\"mvv-titulo\"><\/h6>\n  <h2 class=\"mvv-titulo\">PORQUE SOMOS MORE<\/h2>\n  <p>\n    <strong>A MORE Results \u00e9 mais do que uma empresa de estudos de mercado<\/strong> \u2014 somos parceiros estrat\u00e9gicos focados em gerar resultados com criatividade, proximidade, flexibilidade e credibilidade. Acreditamos que os dados em estudos de mercado s\u00f3 ganham valor quando se transformam em decis\u00f5es pr\u00e1ticas, e por isso combinamos m\u00e9todos cl\u00e1ssicos com abordagens inovadoras, adaptadas a cada desafio.\n  <\/p>\n  <p>\n    Trabalhamos com equipas que valorizam a confian\u00e7a e procuram mais do que um fornecedor \u2014 procuram uma liga\u00e7\u00e3o humana, dedicada, transparente e orientada para resultados. Ao longo de mais de 20 anos, temos conduzido diferentes <a href=\"https:\/\/moresults.pt\/servicos\/#dados-em-insights\" target=\"_blank\" rel=\"noopener\" style=\"color: #000; font-weight: bold;\">estudos de mercado<\/a>, quer <a href=\"https:\/\/moresults.pt\/servicos\/#dados-em-insights\" target=\"_blank\" rel=\"noopener\" style=\"color: #000; font-weight: bold;\">qualitativos e quantitativos<\/a>, que v\u00e3o desde o comportamento do consumidor ao desempenho de marca, sempre com um olhar cr\u00edtico e construtivo.\n  <\/p>\n  <p>\n    Seguimos as boas pr\u00e1ticas recomendadas pela <a href=\"https:\/\/esomar.org\" target=\"_blank\" rel=\"noopener\" style=\"color: #000; font-weight: bold;\">ESOMAR \u2013 organiza\u00e7\u00e3o internacional de estudos de mercado<\/a>, promovendo \u00e9tica, rigor e inova\u00e7\u00e3o.\n  <\/p>\n  <p>\n    Porque damos mais. Damos <strong>MORE<\/strong>.\n  <\/p>\n<\/div>\n\n\t\t\t\t\t\t\t\t<\/div>\n\t\t\t\t<\/div>\n\t\t\t\t\t<\/div>\n\t\t\t\t<\/div>\n\t\t<div class=\"elementor-element elementor-element-3d9c6b9 pagina-sobre-nos e-con-full e-flex e-con e-parent\" data-id=\"3d9c6b9\" data-element_type=\"container\" data-e-type=\"container\" data-settings=\"{&quot;animation&quot;:&quot;none&quot;}\">\n\t\t\t\t<div class=\"elementor-element elementor-element-2c1ae1d bloco-centralizado elementor-widget elementor-widget-html\" data-id=\"2c1ae1d\" data-element_type=\"widget\" data-e-type=\"widget\" data-widget_type=\"html.default\">\n\t\t\t\t<div class=\"elementor-widget-container\">\n\t\t\t\t\t<section class=\"bloco-mvv\">\n  <div class=\"container-mvv\">\n    <div class=\"mvv-bloco\">\n      <h2 class=\"mvv-titulo\">VIS\u00c3O<\/h2>\n      <p class=\"mvv-texto\">\n        Ser refer\u00eancia na ind\u00fastria de estudos de mercado, transformando dados em insights que inspiram decis\u00f5es estrat\u00e9gicas e criam impacto real para os nossos clientes. Queremos ser reconhecidos pela nossa paix\u00e3o, diversidade e compromisso com resultados excecionais.\n      <\/p>\n    <\/div>\n\n    <div class=\"mvv-bloco\">\n      <h2 class=\"mvv-titulo\">MISS\u00c3O<\/h2>\n      <p class=\"mvv-texto\">\n        Ajudar os nossos clientes a entender e a conquistar o mercado, atrav\u00e9s de solu\u00e7\u00f5es personalizadas, criativas e baseadas em dados. Combinamos metodologias com uma abordagem criativa e consultiva, e uma rela\u00e7\u00e3o pr\u00f3xima para entregar insights acion\u00e1veis. Fazemos tudo com paix\u00e3o, divers\u00e3o e respeito pela diversidade, garantindo que cada projeto seja uma experi\u00eancia \u00fanica e de valor.\n      <\/p>\n    <\/div>\n\n    <div class=\"mvv-bloco\">\n      <h2 class=\"mvv-titulo\">VALORES<\/h2>\n      <div class=\"valores-grid\">\n        <div class=\"valor\">\n          <h3 class=\"valor-chave\">PAIX\u00c3O<\/h3>\n          <p class=\"valor-texto\">\n            Paix\u00e3o \u00e9 algo de ardente, de intenso, e \u00e9 este tipo de compromisso e dedica\u00e7\u00e3o que colocamos na rela\u00e7\u00e3o com os nossos clientes e nos respetivos projetos. A nossa ambi\u00e7\u00e3o de sermos refer\u00eancia nesta ind\u00fastria tem de estar ligada a esta forma de estar e de ser.\n          <\/p>\n        <\/div>\n        <div class=\"valor\">\n          <h3 class=\"valor-chave\">DIVERS\u00c3O<\/h3>\n          <p class=\"valor-texto\">\n            Tudo tem um sabor e esfor\u00e7o diferentes quando nos divertimos a fazer as coisas. A Divers\u00e3o tem de ser o nosso modus operandi e isto n\u00e3o \u00e9 sin\u00f3nimo de ligeireza ou falta de responsabilidade, mas sim o estarmos abertos a saborear o corrigirmos erros, o resolvermos problemas, o transpomos barreiras.\n          <\/p>\n        <\/div>\n        <div class=\"valor\">\n          <h3 class=\"valor-chave\">INCLUS\u00c3O<\/h3>\n          <p class=\"valor-texto\">\n            Adoramos diversidade e isso est\u00e1 na g\u00e9nese da nossa cria\u00e7\u00e3o. A riqueza que a inclus\u00e3o nos traz \u00e9 quase imensur\u00e1vel e aporta-nos coisas t\u00e3o complexamente simples como diferentes hist\u00f3rias, valores que se complementam, culturas que se interligam e tudo isto acarreta algo em que muito cremos, o respeito.\n          <\/p>\n        <\/div>\n        <div class=\"valor valor-destaque\">\n  <h3 class=\"valor-chave destaque\">RESULTS<\/h3>\n  <p class=\"valor-texto\">\n    Results \u00e9 a nossa marca. Se n\u00e3o estivermos alinhados para apresentar resultados, nada disto faz sentido.\n  <\/p>\n<\/div>\n      <\/div>\n    <\/div>\n  <\/div>\n<\/section>\n\t\t\t\t<\/div>\n\t\t\t\t<\/div>\n\t\t\t\t<div class=\"elementor-element elementor-element-d51f86c bloco-centralizado elementor-widget elementor-widget-html\" data-id=\"d51f86c\" data-element_type=\"widget\" data-e-type=\"widget\" data-widget_type=\"html.default\">\n\t\t\t\t<div class=\"elementor-widget-container\">\n\t\t\t\t\t<section class=\"damos-more\">\n  <!-- Cabe\u00e7alho -->\n  <div class=\"damos-more-header\">\n    <h2><span class=\"damos\">DAMOS MORE<\/span> <span class=\"com\">com<\/span><\/h2>\n  <\/div>\n\n  <!-- Blocos de conte\u00fado -->\n  <div class=\"damos-grid\">\n    <div class=\"damos-bloco criatividade\">\n      <h3>CRIATIVIDADE<\/h3>\n      <p>\n        Somos criativos na conce\u00e7\u00e3o de solu\u00e7\u00f5es, nomeadamente ao combinarmos diferentes metodologias e processos.<br>\n        Oferecemos uma abordagem consultiva.<br>\n        <strong>Damos more.<\/strong>\n      <\/p>\n    <\/div>\n\n    <div class=\"damos-bloco proximidade\">\n      <h3>PROXIMIDADE<\/h3>\n      <p>\n        Estamos verdadeiramente ao lado dos nossos clientes, com um relacionamento baseado em confian\u00e7a e disponibilidade.<br>\n        Somos uma empresa de pessoas.<br>\n        <strong>Somos more.<\/strong>\n      <\/p>\n    <\/div>\n\n    <div class=\"damos-bloco flexibilidade\">\n      <h3>ADAPTABILIDADE E FLEXIBILIDADE<\/h3>\n      <p>\n        S\u00f3 n\u00e3o conseguimos o imposs\u00edvel.<br>\n        <strong>Fazemos more.<\/strong>\n      <\/p>\n    <\/div>\n\n    <div class=\"damos-bloco confianca\">\n      <h3>CREDIBILIDADE E CONFIAN\u00c7A<\/h3>\n      <p>\n        Aqui n\u00e3o somos criativos! Temos um processo confi\u00e1vel e somos os primeiros a dar resposta, passando seguran\u00e7a aos nossos clientes e parceiros.<br>\n        <strong>Mostramos more.<\/strong>\n      <\/p>\n    <\/div>\n  <\/div>\n<\/section>\n\t\t\t\t<\/div>\n\t\t\t\t<\/div>\n\t\t\t\t<div class=\"elementor-element elementor-element-eab1534 elementor-widget elementor-widget-html\" data-id=\"eab1534\" data-element_type=\"widget\" data-e-type=\"widget\" data-widget_type=\"html.default\">\n\t\t\t\t<div class=\"elementor-widget-container\">\n\t\t\t\t\t<script>\ndocument.addEventListener(\"DOMContentLoaded\", function () {\n  const container = document.querySelector('.pagina-sobre-nos');\n  if (container) {\n    const fundo = document.createElement('div');\n    fundo.className = 'fundo-animado';\n\n    for (let i = 1; i <= 10; i++) {\n      const blob = document.createElement('div');\n      blob.className = 'blob blob' + i;\n      fundo.appendChild(blob);\n    }\n\n    container.prepend(fundo);\n  }\n});\n<\/script>\n\t\t\t\t<\/div>\n\t\t\t\t<\/div>\n\t\t\t\t<\/div>\n\t\t\t\t<\/div>\n\t\t","protected":false},"excerpt":{"rendered":"<p>| &#8220; PORQUE SOMOS MORE A MORE Results \u00e9 mais do que uma empresa de estudos de mercado \u2014 somos [&hellip;]<\/p>\n","protected":false},"author":1,"featured_media":0,"parent":0,"menu_order":0,"comment_status":"closed","ping_status":"closed","template":"","meta":{"site-sidebar-layout":"no-sidebar","site-content-layout":"","ast-site-content-layout":"full-width-container","site-content-style":"default","site-sidebar-style":"default","ast-global-header-display":"","ast-banner-title-visibility":"","ast-main-header-display":"","ast-hfb-above-header-display":"","ast-hfb-below-header-display":"","ast-hfb-mobile-header-display":"","site-post-title":"disabled","ast-breadcrumbs-content":"","ast-featured-img":"disabled","footer-sml-layout":"","theme-transparent-header-meta":"","adv-header-id-meta":"","stick-header-meta":"","header-above-stick-meta":"","header-main-stick-meta":"","header-below-stick-meta":"","astra-migrate-meta-layouts":"default","ast-page-background-enabled":"default","ast-page-background-meta":{"desktop":{"background-color":"var(--ast-global-color-5)","background-image":"","background-repeat":"repeat","background-position":"center center","background-size":"auto","background-attachment":"scroll","background-type":"","background-media":"","overlay-type":"","overlay-color":"","overlay-opacity":"","overlay-gradient":""},"tablet":{"background-color":"","background-image":"","background-repeat":"repeat","background-position":"center center","background-size":"auto","background-attachment":"scroll","background-type":"","background-media":"","overlay-type":"","overlay-color":"","overlay-opacity":"","overlay-gradient":""},"mobile":{"background-color":"","background-image":"","background-repeat":"repeat","background-position":"center center","background-size":"auto","background-attachment":"scroll","background-type":"","background-media":"","overlay-type":"","overlay-color":"","overlay-opacity":"","overlay-gradient":""}},"ast-content-background-meta":{"desktop":{"background-color":"var(--ast-global-color-4)","background-image":"","background-repeat":"repeat","background-position":"center center","background-size":"auto","background-attachment":"scroll","background-type":"","background-media":"","overlay-type":"","overlay-color":"","overlay-opacity":"","overlay-gradient":""},"tablet":{"background-color":"var(--ast-global-color-4)","background-image":"","background-repeat":"repeat","background-position":"center center","background-size":"auto","background-attachment":"scroll","background-type":"","background-media":"","overlay-type":"","overlay-color":"","overlay-opacity":"","overlay-gradient":""},"mobile":{"background-color":"var(--ast-global-color-4)","background-image":"","background-repeat":"repeat","background-position":"center center","background-size":"auto","background-attachment":"scroll","background-type":"","background-media":"","overlay-type":"","overlay-color":"","overlay-opacity":"","overlay-gradient":""}},"footnotes":""},"class_list":["post-441","page","type-page","status-publish","hentry"],"_links":{"self":[{"href":"https:\/\/moresults.pt\/en\/wp-json\/wp\/v2\/pages\/441","targetHints":{"allow":["GET"]}}],"collection":[{"href":"https:\/\/moresults.pt\/en\/wp-json\/wp\/v2\/pages"}],"about":[{"href":"https:\/\/moresults.pt\/en\/wp-json\/wp\/v2\/types\/page"}],"author":[{"embeddable":true,"href":"https:\/\/moresults.pt\/en\/wp-json\/wp\/v2\/users\/1"}],"replies":[{"embeddable":true,"href":"https:\/\/moresults.pt\/en\/wp-json\/wp\/v2\/comments?post=441"}],"version-history":[{"count":206,"href":"https:\/\/moresults.pt\/en\/wp-json\/wp\/v2\/pages\/441\/revisions"}],"predecessor-version":[{"id":2061,"href":"https:\/\/moresults.pt\/en\/wp-json\/wp\/v2\/pages\/441\/revisions\/2061"}],"wp:attachment":[{"href":"https:\/\/moresults.pt\/en\/wp-json\/wp\/v2\/media?parent=441"}],"curies":[{"name":"wp","href":"https:\/\/api.w.org\/{rel}","templated":true}]}}