{"id":348,"date":"2025-04-04T10:24:00","date_gmt":"2025-04-04T10:24:00","guid":{"rendered":"https:\/\/moresults.pt\/?page_id=348"},"modified":"2026-04-07T10:11:07","modified_gmt":"2026-04-07T10:11:07","slug":"protecao-de-dados","status":"publish","type":"page","link":"https:\/\/moresults.pt\/en\/protecao-de-dados\/","title":{"rendered":"Data Protection"},"content":{"rendered":"<div data-elementor-type=\"wp-page\" data-elementor-id=\"348\" class=\"elementor elementor-348\">\n\t\t\t\t<div class=\"elementor-element elementor-element-65740fe e-flex e-con-boxed e-con e-parent\" data-id=\"65740fe\" data-element_type=\"container\" data-e-type=\"container\">\n\t\t\t\t\t<div class=\"e-con-inner\">\n\t\t\t\t<div class=\"elementor-element elementor-element-ad6bfc8 elementor-widget elementor-widget-heading\" data-id=\"ad6bfc8\" data-element_type=\"widget\" data-e-type=\"widget\" data-widget_type=\"heading.default\">\n\t\t\t\t<div class=\"elementor-widget-container\">\n\t\t\t\t\t<h2 class=\"elementor-heading-title elementor-size-default\">Data Protection<\/h2>\t\t\t\t<\/div>\n\t\t\t\t<\/div>\n\t\t\t\t<div class=\"elementor-element elementor-element-a2f2e94 elementor-widget elementor-widget-html\" data-id=\"a2f2e94\" data-element_type=\"widget\" data-e-type=\"widget\" data-widget_type=\"html.default\">\n\t\t\t\t<div class=\"elementor-widget-container\">\n\t\t\t\t\t<div class=\"pagina-politica\">\n\n  <h2>Encarregado de Prote\u00e7\u00e3o de Dados<\/h2>\n  <p><strong>Jo\u00e3o Pacheco, DPO \u2013 Cyberprotech<\/strong><br>\n  <a href=\"https:\/\/www.cyberprotech.pt\" target=\"_blank\" rel=\"noopener\">www.cyberprotech.pt<\/a><\/p>\n\n  <h2>Dados Pessoais<\/h2>\n  <p>S\u00e3o considerados dados pessoais toda e qualquer informa\u00e7\u00e3o relativa a uma pessoa singular (\u201ctitular dos dados\u201d), identificada ou identific\u00e1vel, direta ou indiretamente, nomeadamente por refer\u00eancia a um identificador. S\u00e3o exemplos de identificadores o nome, n\u00famero de identifica\u00e7\u00e3o, identificadores por via eletr\u00f3nica, dados de localiza\u00e7\u00e3o e\/ou um ou mais elementos espec\u00edficos da identidade f\u00edsica, fisiol\u00f3gica, gen\u00e9tica, mental, econ\u00f3mica, cultural ou social da pessoa singular.<\/p>\n\n  <p>No website da <strong>MORE Results<\/strong> recolhemos apenas dados de identifica\u00e7\u00e3o necess\u00e1rios para respondermos ao seu pedido de contacto, nomeadamente, nome, email ou telefone. Para efeitos de candidaturas iremos tamb\u00e9m recolher, se por si enviado, o seu Curriculum Vitae.<\/p>\n\n  <h2>Como e quando s\u00e3o recolhidos os seus dados pessoais<\/h2>\n  <p>Os seus dados pessoais podem ser recolhidos:<\/p>\n  <ul>\n    <li>Quando subscreve a newsletter da <strong>MORE Results<\/strong>, por email ou atrav\u00e9s do nosso website;<\/li>\n    <li>Quando preenche os campos do formul\u00e1rio \u201cContacte-nos\u201d, presente no nosso website;<\/li>\n    <li>Quando solicita a inscri\u00e7\u00e3o ou participa num dos eventos organizados pela <strong>MORE Results<\/strong>;<\/li>\n    <li>Quando envia uma candidatura para colaborar com a <strong>MORE Results<\/strong>, por email ou atrav\u00e9s do nosso website;<\/li>\n    <li>Quando recebemos candidaturas atrav\u00e9s de ag\u00eancias de recrutamento.<\/li>\n  <\/ul>\n\n<h2>Pinta d\u2019Amarelo Panel<\/h2>\n\n<p>No \u00e2mbito das suas atividades de investiga\u00e7\u00e3o de mercado, a Pentaudis gere o Painel Pinta d\u2019Amarelo, uma comunidade de participantes que colaboram voluntariamente em estudos. A participa\u00e7\u00e3o no painel respeita os princ\u00edpios fundamentais de prote\u00e7\u00e3o de dados:<\/p>\n<ul>\n    <li>Participa\u00e7\u00e3o volunt\u00e1ria<\/li>\n    <li>Transpar\u00eancia no tratamento de dados<\/li>\n    <li>Utiliza\u00e7\u00e3o dos dados exclusivamente para fins de investiga\u00e7\u00e3o de mercado<\/li>\n    <li>Tratamento confidencial e, sempre que poss\u00edvel, anonimizado dos resultados<\/li>\n    <\/ul>\n\n<p>Os participantes podem, a qualquer momento, exercer os seus direitos de acesso, retifica\u00e7\u00e3o ou elimina\u00e7\u00e3o dos seus dados, nos termos da legisla\u00e7\u00e3o aplic\u00e1ve.<\/p>\n\n  <h2>Fundamento legal e finalidade do tratamento dos dados pessoais<\/h2>\n  <p>Os fundamentos que legitimam o tratamento dos seus dados pessoais pela <strong>MORE Results<\/strong> s\u00e3o os seguintes:<\/p>\n\n  <p><strong>Consentimento:<\/strong> os seus dados pessoais podem ser tratados mediante manifesta\u00e7\u00e3o de vontade, livre, espec\u00edfica, informada e expl\u00edcita (...)<\/p>\n\n  <p><strong>Interesse Leg\u00edtimo:<\/strong> Iremos tratar os seus dados pessoais com base no interesse leg\u00edtimo da <strong>MORE Results<\/strong> (...)<\/p>\n\n  <p><strong>No \u00e2mbito de presta\u00e7\u00e3o de servi\u00e7os:<\/strong> tratamos os seus dados pessoais na medida do estritamente necess\u00e1rio \u00e0 presta\u00e7\u00e3o de servi\u00e7os contratados.<\/p>\n\n  <h2>Prazo de conserva\u00e7\u00e3o dos seus dados pessoais<\/h2>\n  <p>A <strong>MORE Results<\/strong> conserva os seus dados pessoais apenas durante o per\u00edodo estritamente necess\u00e1rio \u00e0 prossecu\u00e7\u00e3o da finalidade para a qual estes foram recolhidos (...)<\/p>\n\n  <h2>Transmiss\u00e3o dos seus dados<\/h2>\n  <p>A <strong>MORE Results<\/strong> compromete-se a apenas transmitir os seus dados pessoais quando tal se revele necess\u00e1rio (...)<\/p>\n\n  <p>Os fornecedores e\/ou prestadores de servi\u00e7os da <strong>MORE Results<\/strong> est\u00e3o sujeitos contratualmente aos mesmos termos e condi\u00e7\u00f5es de tratamento de dados pessoais (...)<\/p>\n\n  <h2>Direitos dos Titulares<\/h2>\n  <p>A <strong>MORE Results<\/strong> garante aos titulares dos dados pessoais o exerc\u00edcio dos seus direitos, previstos no Regulamento Geral de Prote\u00e7\u00e3o de Dados (...)<\/p>\n\n  <p>Com efeito, poder\u00e1 exercer os seus direitos atrav\u00e9s do seguinte endere\u00e7o:<br>\n  <a href=\"https:\/\/moresults.pt\/en\/contactos\/\" target=\"_blank\">https:\/\/moresults.pt\/contactos\/<\/a><br>\n  ou por email: <a href=\"mailto:info@moresults.pt\">info@moresults.pt<\/a><\/p>\n\n  <p>Os titulares dos dados t\u00eam ainda o direito de apresentar reclama\u00e7\u00e3o junto da Comiss\u00e3o Nacional de Prote\u00e7\u00e3o de Dados (CNPD).<\/p>\n\n<\/div>\n\t\t\t\t<\/div>\n\t\t\t\t<\/div>\n\t\t<div class=\"elementor-element elementor-element-f6d58fe e-con-full e-flex e-con e-child\" data-id=\"f6d58fe\" data-element_type=\"container\" data-e-type=\"container\">\n\t\t\t\t<\/div>\n\t\t\t\t\t<\/div>\n\t\t\t\t<\/div>\n\t\t\t\t<\/div>","protected":false},"excerpt":{"rendered":"<p>Prote\u00e7\u00e3o de Dados Encarregado de Prote\u00e7\u00e3o de Dados Jo\u00e3o Pacheco, DPO \u2013 Cyberprotech www.cyberprotech.pt Dados Pessoais S\u00e3o considerados dados pessoais [&hellip;]<\/p>\n","protected":false},"author":1,"featured_media":0,"parent":0,"menu_order":0,"comment_status":"closed","ping_status":"closed","template":"","meta":{"site-sidebar-layout":"no-sidebar","site-content-layout":"","ast-site-content-layout":"full-width-container","site-content-style":"default","site-sidebar-style":"default","ast-global-header-display":"","ast-banner-title-visibility":"","ast-main-header-display":"","ast-hfb-above-header-display":"","ast-hfb-below-header-display":"","ast-hfb-mobile-header-display":"","site-post-title":"disabled","ast-breadcrumbs-content":"","ast-featured-img":"disabled","footer-sml-layout":"","theme-transparent-header-meta":"","adv-header-id-meta":"","stick-header-meta":"","header-above-stick-meta":"","header-main-stick-meta":"","header-below-stick-meta":"","astra-migrate-meta-layouts":"default","ast-page-background-enabled":"default","ast-page-background-meta":{"desktop":{"background-color":"var(--ast-global-color-5)","background-image":"","background-repeat":"repeat","background-position":"center center","background-size":"auto","background-attachment":"scroll","background-type":"","background-media":"","overlay-type":"","overlay-color":"","overlay-opacity":"","overlay-gradient":""},"tablet":{"background-color":"","background-image":"","background-repeat":"repeat","background-position":"center center","background-size":"auto","background-attachment":"scroll","background-type":"","background-media":"","overlay-type":"","overlay-color":"","overlay-opacity":"","overlay-gradient":""},"mobile":{"background-color":"","background-image":"","background-repeat":"repeat","background-position":"center center","background-size":"auto","background-attachment":"scroll","background-type":"","background-media":"","overlay-type":"","overlay-color":"","overlay-opacity":"","overlay-gradient":""}},"ast-content-background-meta":{"desktop":{"background-color":"var(--ast-global-color-4)","background-image":"","background-repeat":"repeat","background-position":"center center","background-size":"auto","background-attachment":"scroll","background-type":"","background-media":"","overlay-type":"","overlay-color":"","overlay-opacity":"","overlay-gradient":""},"tablet":{"background-color":"var(--ast-global-color-4)","background-image":"","background-repeat":"repeat","background-position":"center center","background-size":"auto","background-attachment":"scroll","background-type":"","background-media":"","overlay-type":"","overlay-color":"","overlay-opacity":"","overlay-gradient":""},"mobile":{"background-color":"var(--ast-global-color-4)","background-image":"","background-repeat":"repeat","background-position":"center center","background-size":"auto","background-attachment":"scroll","background-type":"","background-media":"","overlay-type":"","overlay-color":"","overlay-opacity":"","overlay-gradient":""}},"footnotes":""},"class_list":["post-348","page","type-page","status-publish","hentry"],"_links":{"self":[{"href":"https:\/\/moresults.pt\/en\/wp-json\/wp\/v2\/pages\/348","targetHints":{"allow":["GET"]}}],"collection":[{"href":"https:\/\/moresults.pt\/en\/wp-json\/wp\/v2\/pages"}],"about":[{"href":"https:\/\/moresults.pt\/en\/wp-json\/wp\/v2\/types\/page"}],"author":[{"embeddable":true,"href":"https:\/\/moresults.pt\/en\/wp-json\/wp\/v2\/users\/1"}],"replies":[{"embeddable":true,"href":"https:\/\/moresults.pt\/en\/wp-json\/wp\/v2\/comments?post=348"}],"version-history":[{"count":10,"href":"https:\/\/moresults.pt\/en\/wp-json\/wp\/v2\/pages\/348\/revisions"}],"predecessor-version":[{"id":2445,"href":"https:\/\/moresults.pt\/en\/wp-json\/wp\/v2\/pages\/348\/revisions\/2445"}],"wp:attachment":[{"href":"https:\/\/moresults.pt\/en\/wp-json\/wp\/v2\/media?parent=348"}],"curies":[{"name":"wp","href":"https:\/\/api.w.org\/{rel}","templated":true}]}}