{"id":324,"date":"2025-04-04T09:59:49","date_gmt":"2025-04-04T09:59:49","guid":{"rendered":"https:\/\/moresults.pt\/?page_id=324"},"modified":"2026-04-07T10:00:53","modified_gmt":"2026-04-07T10:00:53","slug":"politica-de-privacidade","status":"publish","type":"page","link":"https:\/\/moresults.pt\/en\/politica-de-privacidade\/","title":{"rendered":"Privacy Policy"},"content":{"rendered":"<div data-elementor-type=\"wp-page\" data-elementor-id=\"324\" class=\"elementor elementor-324\">\n\t\t\t\t<div class=\"elementor-element elementor-element-bff4b19 e-flex e-con-boxed e-con e-parent\" data-id=\"bff4b19\" data-element_type=\"container\" data-e-type=\"container\">\n\t\t\t\t\t<div class=\"e-con-inner\">\n\t\t\t\t<div class=\"elementor-element elementor-element-da45909 elementor-widget elementor-widget-heading\" data-id=\"da45909\" data-element_type=\"widget\" data-e-type=\"widget\" data-widget_type=\"heading.default\">\n\t\t\t\t<div class=\"elementor-widget-container\">\n\t\t\t\t\t<h2 class=\"elementor-heading-title elementor-size-default\">Privacy Policy<\/h2>\t\t\t\t<\/div>\n\t\t\t\t<\/div>\n\t\t\t\t\t<\/div>\n\t\t\t\t<\/div>\n\t\t<div class=\"elementor-element elementor-element-598e9d1 e-flex e-con-boxed e-con e-parent\" data-id=\"598e9d1\" data-element_type=\"container\" data-e-type=\"container\">\n\t\t\t\t\t<div class=\"e-con-inner\">\n\t\t\t\t<div class=\"elementor-element elementor-element-250a517 elementor-widget elementor-widget-text-editor\" data-id=\"250a517\" data-element_type=\"widget\" data-e-type=\"widget\" data-widget_type=\"text-editor.default\">\n\t\t\t\t<div class=\"elementor-widget-container\">\n\t\t\t\t\t\t\t\t\t<div class=\"pagina-politica\"><p>A <strong>Pentaudis \u2013 Consultoria Para Os Neg\u00f3cios e A Gest\u00e3o, Unipessoal Lda <\/strong> assume como miss\u00e3o fundamental o compromisso com as regras de privacidade e prote\u00e7\u00e3o de dados pessoais dos seus clientes, fornecedores, colaboradores e demais.<\/p><p>\u00c9 nesse sentido que a <strong> Pentaudis \u2013 Consultoria Para Os Neg\u00f3cios e A Gest\u00e3o, Unipessoal Lda<\/strong> apresenta a seguinte Pol\u00edtica de Privacidade, na qual informamos sobre o modo como tratamos os seus dados pessoais e quais os seus direitos, ao abrigo do REGULAMENTO (UE) 2016\/679 DO PARLAMENTO EUROPEU E DO CONSELHO de 27 de abril de 2016.<\/p><p>A navega\u00e7\u00e3o atrav\u00e9s do presente site n\u00e3o implica, necessariamente, o fornecimento de dados pessoais. A <strong> Pentaudis \u2013 Consultoria Para Os Neg\u00f3cios e A Gest\u00e3o, Unipessoal Lda<\/strong> disponibiliza, no entanto, atrav\u00e9s do presente site, o formul\u00e1rio de subscri\u00e7\u00e3o de newsletter e o formul\u00e1rio para pedido de contacto. O preenchimento dos referidos formul\u00e1rios implica o fornecimento de dados pessoais, sendo os mesmos utilizados nos termos previstos nos respectivos formul\u00e1rios.<\/p><p>Deste modo, adotamos diversas medidas de seguran\u00e7a para proteger os dados pessoais que nos s\u00e3o disponibilizados atrav\u00e9s da utiliza\u00e7\u00e3o do website da <strong> Pentaudis \u2013 Consultoria Para Os Neg\u00f3cios e A Gest\u00e3o, Unipessoal Lda<\/strong>.<\/p><h2>Cookies<\/h2><p>Os cookies s\u00e3o pequenos ficheiros de n\u00fameros e letras que s\u00e3o armazenados no browser do Utilizador quando visita um site.<br \/>Esta informa\u00e7\u00e3o \u00e9 utilizada para disponibilizar ao utilizador um servi\u00e7o mais personalizado, permitindo melhorar o desempenho e a experi\u00eancia de navega\u00e7\u00e3o, aumentando, por um lado, a rapidez e efici\u00eancia de resposta do website e, por outro, eliminando a necessidade de introduzir repetidamente as mesmas informa\u00e7\u00f5es. A coloca\u00e7\u00e3o de cookies ajudar\u00e1 o website a reconhecer o dispositivo na pr\u00f3xima vez que o Utilizador o visitar.<\/p><p>Os cookies n\u00e3o s\u00e3o utilizados para recolher dados pessoais.<\/p><p>Todos os browsers permitem ao Utilizador aceitar, recusar ou apagar cookies, nomeadamente atrav\u00e9s da sele\u00e7\u00e3o das defini\u00e7\u00f5es apropriadas no respetivo navegador. Pode configurar os cookies no menu \u201cop\u00e7\u00f5es\u201d ou \u201cprefer\u00eancias\u201d do seu browser. Para saber mais sobre os cookies, incluindo a forma de ver porque \u00e9 que os cookies foram criados e como gerir e exclu\u00ed-los, visite www.allaboutcookies.org que inclui informa\u00e7\u00f5es sobre como gerir as suas configura\u00e7\u00f5es para os v\u00e1rios fornecedores de navegadores.<\/p><p>Note-se, no entanto, que, ao desativar cookies, pode afetar, parcial ou totalmente, a sua experi\u00eancia de navega\u00e7\u00e3o no site.<\/p><p>Para disponibilizar aos visitantes uma maior escolha sobre como os seus dados s\u00e3o recolhidos pelo Google Analytics, o Google desenvolveu o Google Analytics Navegador Opt-out Add-on. O add-on comunica com o JavaScript do Google Analytics (ga.js) para indicar que as informa\u00e7\u00f5es sobre a visita do s\u00edtio n\u00e3o devem ser enviadas para o Google Analytics. O Google Analytics Navegador Opt-out extra n\u00e3o impede que as informa\u00e7\u00f5es sejam enviadas para o s\u00edtio em si ou para outros servi\u00e7os da web analytics.<\/p><h2>Links para outros websites<\/h2><p>Os links constantes deste site podem conduzir a outros sites. A <strong> Pentaudis \u2013 Consultoria Para Os Neg\u00f3cios e A Gest\u00e3o, Unipessoal Lda<\/strong> n\u00e3o se responsabiliza, aprova ou por qualquer forma apoia ou subscreve o conte\u00fado desses sites, nem dos sites com eles ligados ou neles referidos.<br \/>Aconselhamos a leitura das pol\u00edticas de privacidade de qualquer outro website que esteja ligado ao website da <strong> Pentaudis \u2013 Consultoria Para Os Neg\u00f3cios e A Gest\u00e3o, Unipessoal Lda<\/strong>.<\/p><h2>Pinta d'amarelo Panel<\/h2><p>No \u00e2mbito da sua atividade, a<strong> Pentaudis \u2013 Consultoria Para Os Neg\u00f3cios e A Gest\u00e3o, Unipessoal Lda, <\/strong>enquanto entidade respons\u00e1vel pelas marcas MORE Results e Pinta d\u2019Amarelo, gere o <strong data-start=\"1195\" data-end=\"1221\">Pinta d\u2019Amarelo Panel<\/strong>, uma comunidade de consumidores que participam voluntariamente em estudos de mercado.<\/p><p data-start=\"1309\" data-end=\"1518\">A participa\u00e7\u00e3o no painel implica a recolha e tratamento de dados pessoais adicionais, nomeadamente dados de perfil, sociodemogr\u00e1ficos e outras informa\u00e7\u00f5es relevantes para a sele\u00e7\u00e3o de participantes em estudos.<\/p><p data-start=\"1520\" data-end=\"1552\">Estes dados s\u00e3o utilizados para:<\/p><ul data-start=\"1554\" data-end=\"1870\"><li data-section-id=\"1sb7tzd\" data-start=\"1554\" data-end=\"1606\">Identifica\u00e7\u00e3o e caracteriza\u00e7\u00e3o dos participantes<\/li><li data-section-id=\"qdvy44\" data-start=\"1607\" data-end=\"1668\">Envio de convites para participa\u00e7\u00e3o em estudos de mercado<\/li><li data-section-id=\"392l9e\" data-start=\"1669\" data-end=\"1736\">Gest\u00e3o da participa\u00e7\u00e3o em estudos e iniciativas de investiga\u00e7\u00e3o<\/li><li data-section-id=\"1f9iurk\" data-start=\"1737\" data-end=\"1870\">An\u00e1lise estat\u00edstica e produ\u00e7\u00e3o de insights, podendo os dados ser tratados de forma agregada e\/ou anonimizada sempre que aplic\u00e1vel<\/li><\/ul><p data-start=\"1872\" data-end=\"2018\">A participa\u00e7\u00e3o no painel \u00e9 sempre volunt\u00e1ria, podendo o titular dos dados, a qualquer momento, atualizar os seus dados ou solicitar a sua remo\u00e7\u00e3o.<\/p><p data-start=\"2020\" data-end=\"2172\">Sempre que aplic\u00e1vel, as condi\u00e7\u00f5es espec\u00edficas de participa\u00e7\u00e3o, incluindo eventuais incentivos ou recompensas, s\u00e3o comunicadas no \u00e2mbito de cada estudo.<\/p><p data-start=\"2174\" data-end=\"2348\">O tratamento de dados no \u00e2mbito do Painel Pinta d\u2019Amarelo segue os mesmos princ\u00edpios de confidencialidade, seguran\u00e7a e prote\u00e7\u00e3o definidos na presente Pol\u00edtica de Privacidade.<\/p><h2>Seguran\u00e7a dos dados<\/h2><p>A <strong> Pentaudis \u2013 Consultoria Para Os Neg\u00f3cios e A Gest\u00e3o, Unipessoal Lda<\/strong> disp\u00f5e de procedimentos de natureza t\u00e9cnica e organizativa com o objetivo de evitar quebras de seguran\u00e7a e o acesso indevido a dados pessoais, bem como a respetiva destrui\u00e7\u00e3o ou uso il\u00edcitos.<\/p><p>Apesar de todos os esfor\u00e7os, n\u00e3o \u00e9 poss\u00edvel, por\u00e9m, \u00e0 <strong> Pentaudis \u2013 Consultoria Para Os Neg\u00f3cios e A Gest\u00e3o, Unipessoal Lda<\/strong> garantir a plena e absoluta inviolabilidade da informa\u00e7\u00e3o recebida, tendo em conta o car\u00e1cter inseguro das redes abertas como a Internet.<\/p><\/div>\t\t\t\t\t\t\t\t<\/div>\n\t\t\t\t<\/div>\n\t\t\t\t\t<\/div>\n\t\t\t\t<\/div>\n\t\t\t\t<\/div>","protected":false},"excerpt":{"rendered":"<p>Pol\u00edtica de Privacidade A Pentaudis \u2013 Consultoria Para Os Neg\u00f3cios e A Gest\u00e3o, Unipessoal Lda assume como miss\u00e3o fundamental o [&hellip;]<\/p>\n","protected":false},"author":1,"featured_media":0,"parent":0,"menu_order":0,"comment_status":"closed","ping_status":"closed","template":"","meta":{"site-sidebar-layout":"no-sidebar","site-content-layout":"","ast-site-content-layout":"full-width-container","site-content-style":"default","site-sidebar-style":"default","ast-global-header-display":"","ast-banner-title-visibility":"","ast-main-header-display":"","ast-hfb-above-header-display":"","ast-hfb-below-header-display":"","ast-hfb-mobile-header-display":"","site-post-title":"disabled","ast-breadcrumbs-content":"","ast-featured-img":"disabled","footer-sml-layout":"","theme-transparent-header-meta":"","adv-header-id-meta":"","stick-header-meta":"","header-above-stick-meta":"","header-main-stick-meta":"","header-below-stick-meta":"","astra-migrate-meta-layouts":"default","ast-page-background-enabled":"default","ast-page-background-meta":{"desktop":{"background-color":"var(--ast-global-color-5)","background-image":"","background-repeat":"repeat","background-position":"center center","background-size":"auto","background-attachment":"scroll","background-type":"","background-media":"","overlay-type":"","overlay-color":"","overlay-opacity":"","overlay-gradient":""},"tablet":{"background-color":"","background-image":"","background-repeat":"repeat","background-position":"center center","background-size":"auto","background-attachment":"scroll","background-type":"","background-media":"","overlay-type":"","overlay-color":"","overlay-opacity":"","overlay-gradient":""},"mobile":{"background-color":"","background-image":"","background-repeat":"repeat","background-position":"center center","background-size":"auto","background-attachment":"scroll","background-type":"","background-media":"","overlay-type":"","overlay-color":"","overlay-opacity":"","overlay-gradient":""}},"ast-content-background-meta":{"desktop":{"background-color":"var(--ast-global-color-4)","background-image":"","background-repeat":"repeat","background-position":"center center","background-size":"auto","background-attachment":"scroll","background-type":"","background-media":"","overlay-type":"","overlay-color":"","overlay-opacity":"","overlay-gradient":""},"tablet":{"background-color":"var(--ast-global-color-4)","background-image":"","background-repeat":"repeat","background-position":"center center","background-size":"auto","background-attachment":"scroll","background-type":"","background-media":"","overlay-type":"","overlay-color":"","overlay-opacity":"","overlay-gradient":""},"mobile":{"background-color":"var(--ast-global-color-4)","background-image":"","background-repeat":"repeat","background-position":"center center","background-size":"auto","background-attachment":"scroll","background-type":"","background-media":"","overlay-type":"","overlay-color":"","overlay-opacity":"","overlay-gradient":""}},"footnotes":""},"class_list":["post-324","page","type-page","status-publish","hentry"],"_links":{"self":[{"href":"https:\/\/moresults.pt\/en\/wp-json\/wp\/v2\/pages\/324","targetHints":{"allow":["GET"]}}],"collection":[{"href":"https:\/\/moresults.pt\/en\/wp-json\/wp\/v2\/pages"}],"about":[{"href":"https:\/\/moresults.pt\/en\/wp-json\/wp\/v2\/types\/page"}],"author":[{"embeddable":true,"href":"https:\/\/moresults.pt\/en\/wp-json\/wp\/v2\/users\/1"}],"replies":[{"embeddable":true,"href":"https:\/\/moresults.pt\/en\/wp-json\/wp\/v2\/comments?post=324"}],"version-history":[{"count":20,"href":"https:\/\/moresults.pt\/en\/wp-json\/wp\/v2\/pages\/324\/revisions"}],"predecessor-version":[{"id":2442,"href":"https:\/\/moresults.pt\/en\/wp-json\/wp\/v2\/pages\/324\/revisions\/2442"}],"wp:attachment":[{"href":"https:\/\/moresults.pt\/en\/wp-json\/wp\/v2\/media?parent=324"}],"curies":[{"name":"wp","href":"https:\/\/api.w.org\/{rel}","templated":true}]}}