{"id":3160,"date":"2026-04-16T11:47:15","date_gmt":"2026-04-16T11:47:15","guid":{"rendered":"https:\/\/moresults.pt\/?page_id=3160"},"modified":"2026-04-17T15:15:33","modified_gmt":"2026-04-17T15:15:33","slug":"inscreva-se","status":"publish","type":"page","link":"https:\/\/moresults.pt\/en\/inscreva-se\/","title":{"rendered":"Inscreva-se"},"content":{"rendered":"<div data-elementor-type=\"wp-page\" data-elementor-id=\"3160\" class=\"elementor elementor-3160\">\n\t\t\t\t<div class=\"elementor-element elementor-element-6d80bf3 e-flex e-con-boxed e-con e-parent\" data-id=\"6d80bf3\" data-element_type=\"container\" data-e-type=\"container\" data-settings=\"{&quot;background_background&quot;:&quot;classic&quot;}\">\n\t\t\t\t\t<div class=\"e-con-inner\">\n\t\t\t\t<div class=\"elementor-element elementor-element-cc3af1f elementor-widget elementor-widget-heading\" data-id=\"cc3af1f\" data-element_type=\"widget\" data-e-type=\"widget\" data-widget_type=\"heading.default\">\n\t\t\t\t<div class=\"elementor-widget-container\">\n\t\t\t\t\t<h1 class=\"elementor-heading-title elementor-size-default\">Junte-se ao Painel Pinta d\u2019amarelo<\/h1>\t\t\t\t<\/div>\n\t\t\t\t<\/div>\n\t\t\t\t<div class=\"elementor-element elementor-element-be092de elementor-widget elementor-widget-text-editor\" data-id=\"be092de\" data-element_type=\"widget\" data-e-type=\"widget\" data-widget_type=\"text-editor.default\">\n\t\t\t\t<div class=\"elementor-widget-container\">\n\t\t\t\t\t\t\t\t\t<p style=\"margin:0;\">\nPartilhe a sua opini\u00e3o, participe em estudos de mercado e contribua para decis\u00f5es mais informadas.<br \/>\nFa\u00e7a parte de uma comunidade onde as pessoas s\u00e3o o novo importante.\n<\/p>\t\t\t\t\t\t\t\t<\/div>\n\t\t\t\t<\/div>\n\t\t\t\t<div class=\"elementor-element elementor-element-54047a3 elementor-align-center elementor-widget elementor-widget-button\" data-id=\"54047a3\" data-element_type=\"widget\" data-e-type=\"widget\" data-widget_type=\"button.default\">\n\t\t\t\t<div class=\"elementor-widget-container\">\n\t\t\t\t\t\t\t\t\t<div class=\"elementor-button-wrapper\">\n\t\t\t\t\t<a class=\"elementor-button elementor-button-link elementor-size-sm\" href=\"https:\/\/portalpinta.pt\/\" target=\"_blank\" rel=\"noopener\">\n\t\t\t\t\t\t<span class=\"elementor-button-content-wrapper\">\n\t\t\t\t\t\t\t\t\t<span class=\"elementor-button-text\">Inscrever-se no Painel<\/span>\n\t\t\t\t\t<\/span>\n\t\t\t\t\t<\/a>\n\t\t\t\t<\/div>\n\t\t\t\t\t\t\t\t<\/div>\n\t\t\t\t<\/div>\n\t\t\t\t<div class=\"elementor-element elementor-element-902ea6d elementor-widget elementor-widget-text-editor\" data-id=\"902ea6d\" data-element_type=\"widget\" data-e-type=\"widget\" data-widget_type=\"text-editor.default\">\n\t\t\t\t<div class=\"elementor-widget-container\">\n\t\t\t\t\t\t\t\t\t<p>\n\u2714 Participa\u00e7\u00e3o volunt\u00e1ria<br \/>\n\n\u2714 <a href=\"\/en\/faq\/\" \nstyle=\"color:inherit; text-decoration:none;\"\nonmouseover=\"this.style.color='#ceba42';\"\nonmouseout=\"this.style.color='inherit';\">\nConvites adequados ao seu perfil\n<\/a><br \/>\n\n\u2714 <a href=\"https:\/\/diariodarepublica.pt\/dr\/detalhe\/lei\/58-2019-123815982\" target=\"_blank\" rel=\"noopener\" style=\"color:inherit; text-decoration:none;\" onmouseover=\"this.style.color=&#039;#ceba42&#039;;\" onmouseout=\"this.style.color=&#039;inherit&#039;;\">\nConfidencialidade garantida\n<\/a>\n<\/p>\n\t\t\t\t\t\t\t\t<\/div>\n\t\t\t\t<\/div>\n\t\t\t\t\t<\/div>\n\t\t\t\t<\/div>\n\t\t\t\t<\/div>","protected":false},"excerpt":{"rendered":"<p>Junte-se ao Painel Pinta d\u2019amarelo Partilhe a sua opini\u00e3o, participe em estudos de mercado e contribua para decis\u00f5es mais informadas. [&hellip;]<\/p>\n","protected":false},"author":1,"featured_media":0,"parent":0,"menu_order":0,"comment_status":"closed","ping_status":"closed","template":"","meta":{"site-sidebar-layout":"no-sidebar","site-content-layout":"","ast-site-content-layout":"full-width-container","site-content-style":"default","site-sidebar-style":"default","ast-global-header-display":"","ast-banner-title-visibility":"","ast-main-header-display":"","ast-hfb-above-header-display":"","ast-hfb-below-header-display":"","ast-hfb-mobile-header-display":"","site-post-title":"disabled","ast-breadcrumbs-content":"","ast-featured-img":"disabled","footer-sml-layout":"","theme-transparent-header-meta":"","adv-header-id-meta":"","stick-header-meta":"","header-above-stick-meta":"","header-main-stick-meta":"","header-below-stick-meta":"","astra-migrate-meta-layouts":"default","ast-page-background-enabled":"default","ast-page-background-meta":{"desktop":{"background-color":"var(--ast-global-color-5)","background-image":"","background-repeat":"repeat","background-position":"center center","background-size":"auto","background-attachment":"scroll","background-type":"","background-media":"","overlay-type":"","overlay-color":"","overlay-opacity":"","overlay-gradient":""},"tablet":{"background-color":"","background-image":"","background-repeat":"repeat","background-position":"center center","background-size":"auto","background-attachment":"scroll","background-type":"","background-media":"","overlay-type":"","overlay-color":"","overlay-opacity":"","overlay-gradient":""},"mobile":{"background-color":"","background-image":"","background-repeat":"repeat","background-position":"center center","background-size":"auto","background-attachment":"scroll","background-type":"","background-media":"","overlay-type":"","overlay-color":"","overlay-opacity":"","overlay-gradient":""}},"ast-content-background-meta":{"desktop":{"background-color":"var(--ast-global-color-4)","background-image":"","background-repeat":"repeat","background-position":"center center","background-size":"auto","background-attachment":"scroll","background-type":"","background-media":"","overlay-type":"","overlay-color":"","overlay-opacity":"","overlay-gradient":""},"tablet":{"background-color":"var(--ast-global-color-4)","background-image":"","background-repeat":"repeat","background-position":"center center","background-size":"auto","background-attachment":"scroll","background-type":"","background-media":"","overlay-type":"","overlay-color":"","overlay-opacity":"","overlay-gradient":""},"mobile":{"background-color":"var(--ast-global-color-4)","background-image":"","background-repeat":"repeat","background-position":"center center","background-size":"auto","background-attachment":"scroll","background-type":"","background-media":"","overlay-type":"","overlay-color":"","overlay-opacity":"","overlay-gradient":""}},"footnotes":""},"class_list":["post-3160","page","type-page","status-publish","hentry"],"_links":{"self":[{"href":"https:\/\/moresults.pt\/en\/wp-json\/wp\/v2\/pages\/3160","targetHints":{"allow":["GET"]}}],"collection":[{"href":"https:\/\/moresults.pt\/en\/wp-json\/wp\/v2\/pages"}],"about":[{"href":"https:\/\/moresults.pt\/en\/wp-json\/wp\/v2\/types\/page"}],"author":[{"embeddable":true,"href":"https:\/\/moresults.pt\/en\/wp-json\/wp\/v2\/users\/1"}],"replies":[{"embeddable":true,"href":"https:\/\/moresults.pt\/en\/wp-json\/wp\/v2\/comments?post=3160"}],"version-history":[{"count":52,"href":"https:\/\/moresults.pt\/en\/wp-json\/wp\/v2\/pages\/3160\/revisions"}],"predecessor-version":[{"id":3361,"href":"https:\/\/moresults.pt\/en\/wp-json\/wp\/v2\/pages\/3160\/revisions\/3361"}],"wp:attachment":[{"href":"https:\/\/moresults.pt\/en\/wp-json\/wp\/v2\/media?parent=3160"}],"curies":[{"name":"wp","href":"https:\/\/api.w.org\/{rel}","templated":true}]}}