{"id":2965,"date":"2026-04-14T14:50:15","date_gmt":"2026-04-14T14:50:15","guid":{"rendered":"https:\/\/moresults.pt\/?page_id=2965"},"modified":"2026-04-16T15:33:18","modified_gmt":"2026-04-16T15:33:18","slug":"recompensas","status":"publish","type":"page","link":"https:\/\/moresults.pt\/en\/recompensas\/","title":{"rendered":"Recompensas"},"content":{"rendered":"<div data-elementor-type=\"wp-page\" data-elementor-id=\"2965\" class=\"elementor elementor-2965\">\n\t\t\t\t<div class=\"elementor-element elementor-element-c24eb8c e-con-full recompensas-hero e-flex e-con e-parent\" data-id=\"c24eb8c\" data-element_type=\"container\" data-e-type=\"container\">\n\t\t<div class=\"elementor-element elementor-element-7be9d73 e-con-full hero-text e-flex e-con e-child\" data-id=\"7be9d73\" data-element_type=\"container\" data-e-type=\"container\">\n\t\t\t\t<div class=\"elementor-element elementor-element-6260bec elementor-widget elementor-widget-heading\" data-id=\"6260bec\" data-element_type=\"widget\" data-e-type=\"widget\" data-widget_type=\"heading.default\">\n\t\t\t\t<div class=\"elementor-widget-container\">\n\t\t\t\t\t<h2 class=\"elementor-heading-title elementor-size-default\">D\u00ea a sua opini\u00e3o. <br>Receba recompensas.<\/h2>\t\t\t\t<\/div>\n\t\t\t\t<\/div>\n\t\t\t\t<div class=\"elementor-element elementor-element-16d0118 elementor-widget elementor-widget-text-editor\" data-id=\"16d0118\" data-element_type=\"widget\" data-e-type=\"widget\" data-widget_type=\"text-editor.default\">\n\t\t\t\t<div class=\"elementor-widget-container\">\n\t\t\t\t\t\t\t\t\t<p>Cada participa\u00e7\u00e3o transforma-se em pontos que pode trocar por vouchers no portal do painel.<\/p>\t\t\t\t\t\t\t\t<\/div>\n\t\t\t\t<\/div>\n\t\t\t\t<div class=\"elementor-element elementor-element-e1794cc elementor-widget elementor-widget-button\" data-id=\"e1794cc\" data-element_type=\"widget\" data-e-type=\"widget\" data-widget_type=\"button.default\">\n\t\t\t\t<div class=\"elementor-widget-container\">\n\t\t\t\t\t\t\t\t\t<div class=\"elementor-button-wrapper\">\n\t\t\t\t\t<a class=\"elementor-button elementor-button-link elementor-size-sm\" href=\"https:\/\/portalpinta.pt\/\" target=\"_blank\" rel=\"noopener\">\n\t\t\t\t\t\t<span class=\"elementor-button-content-wrapper\">\n\t\t\t\t\t\t\t\t\t<span class=\"elementor-button-text\">Quero participar<\/span>\n\t\t\t\t\t<\/span>\n\t\t\t\t\t<\/a>\n\t\t\t\t<\/div>\n\t\t\t\t\t\t\t\t<\/div>\n\t\t\t\t<\/div>\n\t\t\t\t<\/div>\n\t\t<div class=\"elementor-element elementor-element-38efd92 hero-image e-flex e-con-boxed e-con e-child\" data-id=\"38efd92\" data-element_type=\"container\" data-e-type=\"container\">\n\t\t\t\t\t<div class=\"e-con-inner\">\n\t\t\t\t<div class=\"elementor-element elementor-element-d32bf26 elementor-widget elementor-widget-image\" data-id=\"d32bf26\" data-element_type=\"widget\" data-e-type=\"widget\" data-widget_type=\"image.default\">\n\t\t\t\t<div class=\"elementor-widget-container\">\n\t\t\t\t\t\t\t\t\t\t\t\t\t\t\t<img fetchpriority=\"high\" decoding=\"async\" width=\"2560\" height=\"1350\" src=\"https:\/\/moresults.pt\/wp-content\/uploads\/2026\/04\/KVMYNDAD2bJTdK5GbDT3LiJZVNHdcSYwcw5BnPXDaj6lbIS5n8fXjJ1_VS7w_hjIZX1qXAHh-Y0fzAqtYc5_rq3uz6XRe4NZBvAXrOliWufPBYacohgDXQbBbcwB4-sGYUt_lGBItJo489Cpxx0zSknJo7Xzc-e0QB6S-tQLfLjfcCMXsjCXiQNYK4AYXVFY-scaled.jpeg\" class=\"attachment-full size-full wp-image-2970\" alt=\"\" srcset=\"https:\/\/moresults.pt\/wp-content\/uploads\/2026\/04\/KVMYNDAD2bJTdK5GbDT3LiJZVNHdcSYwcw5BnPXDaj6lbIS5n8fXjJ1_VS7w_hjIZX1qXAHh-Y0fzAqtYc5_rq3uz6XRe4NZBvAXrOliWufPBYacohgDXQbBbcwB4-sGYUt_lGBItJo489Cpxx0zSknJo7Xzc-e0QB6S-tQLfLjfcCMXsjCXiQNYK4AYXVFY-scaled.jpeg 2560w, https:\/\/moresults.pt\/wp-content\/uploads\/2026\/04\/KVMYNDAD2bJTdK5GbDT3LiJZVNHdcSYwcw5BnPXDaj6lbIS5n8fXjJ1_VS7w_hjIZX1qXAHh-Y0fzAqtYc5_rq3uz6XRe4NZBvAXrOliWufPBYacohgDXQbBbcwB4-sGYUt_lGBItJo489Cpxx0zSknJo7Xzc-e0QB6S-tQLfLjfcCMXsjCXiQNYK4AYXVFY-300x158.jpeg 300w, https:\/\/moresults.pt\/wp-content\/uploads\/2026\/04\/KVMYNDAD2bJTdK5GbDT3LiJZVNHdcSYwcw5BnPXDaj6lbIS5n8fXjJ1_VS7w_hjIZX1qXAHh-Y0fzAqtYc5_rq3uz6XRe4NZBvAXrOliWufPBYacohgDXQbBbcwB4-sGYUt_lGBItJo489Cpxx0zSknJo7Xzc-e0QB6S-tQLfLjfcCMXsjCXiQNYK4AYXVFY-1024x540.jpeg 1024w, https:\/\/moresults.pt\/wp-content\/uploads\/2026\/04\/KVMYNDAD2bJTdK5GbDT3LiJZVNHdcSYwcw5BnPXDaj6lbIS5n8fXjJ1_VS7w_hjIZX1qXAHh-Y0fzAqtYc5_rq3uz6XRe4NZBvAXrOliWufPBYacohgDXQbBbcwB4-sGYUt_lGBItJo489Cpxx0zSknJo7Xzc-e0QB6S-tQLfLjfcCMXsjCXiQNYK4AYXVFY-768x405.jpeg 768w, https:\/\/moresults.pt\/wp-content\/uploads\/2026\/04\/KVMYNDAD2bJTdK5GbDT3LiJZVNHdcSYwcw5BnPXDaj6lbIS5n8fXjJ1_VS7w_hjIZX1qXAHh-Y0fzAqtYc5_rq3uz6XRe4NZBvAXrOliWufPBYacohgDXQbBbcwB4-sGYUt_lGBItJo489Cpxx0zSknJo7Xzc-e0QB6S-tQLfLjfcCMXsjCXiQNYK4AYXVFY-1536x810.jpeg 1536w, https:\/\/moresults.pt\/wp-content\/uploads\/2026\/04\/KVMYNDAD2bJTdK5GbDT3LiJZVNHdcSYwcw5BnPXDaj6lbIS5n8fXjJ1_VS7w_hjIZX1qXAHh-Y0fzAqtYc5_rq3uz6XRe4NZBvAXrOliWufPBYacohgDXQbBbcwB4-sGYUt_lGBItJo489Cpxx0zSknJo7Xzc-e0QB6S-tQLfLjfcCMXsjCXiQNYK4AYXVFY-2048x1080.jpeg 2048w, https:\/\/moresults.pt\/wp-content\/uploads\/2026\/04\/KVMYNDAD2bJTdK5GbDT3LiJZVNHdcSYwcw5BnPXDaj6lbIS5n8fXjJ1_VS7w_hjIZX1qXAHh-Y0fzAqtYc5_rq3uz6XRe4NZBvAXrOliWufPBYacohgDXQbBbcwB4-sGYUt_lGBItJo489Cpxx0zSknJo7Xzc-e0QB6S-tQLfLjfcCMXsjCXiQNYK4AYXVFY-18x9.jpeg 18w\" sizes=\"(max-width: 2560px) 100vw, 2560px\" \/>\t\t\t\t\t\t\t\t\t\t\t\t\t\t\t<\/div>\n\t\t\t\t<\/div>\n\t\t<div class=\"elementor-element elementor-element-8c4419c e-con-full e-flex e-con e-child\" data-id=\"8c4419c\" data-element_type=\"container\" data-e-type=\"container\" data-settings=\"{&quot;background_background&quot;:&quot;classic&quot;,&quot;position&quot;:&quot;absolute&quot;}\">\n\t\t\t\t<\/div>\n\t\t\t\t\t<\/div>\n\t\t\t\t<\/div>\n\t\t\t\t<\/div>\n\t\t<div class=\"elementor-element elementor-element-3338a0e e-con-full recompensas-next e-flex e-con e-parent\" data-id=\"3338a0e\" data-element_type=\"container\" data-e-type=\"container\" data-settings=\"{&quot;background_background&quot;:&quot;classic&quot;}\">\n\t\t\t\t<div class=\"elementor-element elementor-element-a212b7b elementor-widget elementor-widget-html\" data-id=\"a212b7b\" data-element_type=\"widget\" data-e-type=\"widget\" data-widget_type=\"html.default\">\n\t\t\t\t<div class=\"elementor-widget-container\">\n\t\t\t\t\t<div class=\"recompensas-steps\">\n  <h2 class=\"steps-title\">Como funcionam as recompensas<\/h2>\n\n  <div class=\"steps-wrapper\">\n\n    <div class=\"step-item\">\n      <div class=\"step-image\">\n        <img decoding=\"async\" src=\"https:\/\/moresults.pt\/wp-content\/uploads\/2026\/04\/reward_final_1.png\" alt=\"Participa em estudos\">\n      <\/div>\n      <h3>Participa em estudos<\/h3>\n      <p>Receba convites e partilhe a sua opini\u00e3o.<\/p>\n    <\/div>\n\n    <div class=\"step-item\">\n      <div class=\"step-image\">\n        <img decoding=\"async\" src=\"https:\/\/moresults.pt\/wp-content\/uploads\/2026\/04\/reward_final_2.png\" alt=\"Acumula pontos\">\n      <\/div>\n      <h3>Acumula pontos<\/h3>\n      <p>Cada participa\u00e7\u00e3o atribui pontos.<\/p>\n    <\/div>\n\n    <div class=\"step-item\">\n      <div class=\"step-image\">\n        <img decoding=\"async\" src=\"https:\/\/moresults.pt\/wp-content\/uploads\/2026\/04\/reward_final_3.png\" alt=\"Troca por vouchers\">\n      <\/div>\n      <h3>Troca por vouchers<\/h3>\n      <p>Use os pontos no portal do painel.<\/p>\n    <\/div>\n\n  <\/div>\n<\/div>\t\t\t\t<\/div>\n\t\t\t\t<\/div>\n\t\t\t\t<div class=\"elementor-element elementor-element-0025001 elementor-widget elementor-widget-html\" data-id=\"0025001\" data-element_type=\"widget\" data-e-type=\"widget\" data-widget_type=\"html.default\">\n\t\t\t\t<div class=\"elementor-widget-container\">\n\t\t\t\t\t<div style=\"background: #F7F7F7; padding: 30px 20px; text-align: center;\">\n\n  <p style=\"margin: 0 0 6px 0; font-size: 18px; font-weight: 600; color: #111111;\">\n    1 ponto = 0,05\u20ac\n  <\/p>\n\n  <p style=\"margin: 0; font-size: 18px; font-weight: 600; color: #111111;\">\n    Pode trocar os seus pontos a partir dos 100 pontos\n  <\/p>\n\n<\/div>\t\t\t\t<\/div>\n\t\t\t\t<\/div>\n\t\t\t\t<\/div>\n\t\t<div class=\"elementor-element elementor-element-9de0831 e-con-full vouchers-section e-flex e-con e-parent\" data-id=\"9de0831\" data-element_type=\"container\" data-e-type=\"container\" data-settings=\"{&quot;background_background&quot;:&quot;classic&quot;}\">\n\t\t\t\t<div class=\"elementor-element elementor-element-ae5cace elementor-widget elementor-widget-html\" data-id=\"ae5cace\" data-element_type=\"widget\" data-e-type=\"widget\" data-widget_type=\"html.default\">\n\t\t\t\t<div class=\"elementor-widget-container\">\n\t\t\t\t\t<div class=\"recompensas-carousel\">\n  <div class=\"carousel-track\">\n\n    <!-- LOOP 1 -->\n    <div class=\"voucher-card\"><img decoding=\"async\" src=\"https:\/\/moresults.pt\/wp-content\/uploads\/2026\/04\/decathlon-8.webp\"><\/div>\n    <div class=\"voucher-card\"><img decoding=\"async\" src=\"https:\/\/moresults.pt\/wp-content\/uploads\/2026\/04\/galp-2.webp\"><\/div>\n    <div class=\"voucher-card\"><img decoding=\"async\" src=\"https:\/\/moresults.pt\/wp-content\/uploads\/2026\/04\/voucher-fnac-3.webp\"><\/div>\n    <div class=\"voucher-card\"><img decoding=\"async\" src=\"https:\/\/moresults.pt\/wp-content\/uploads\/2026\/04\/voucher-pingo-doce-3.webp\"><\/div>\n    <div class=\"voucher-card\"><img decoding=\"async\" src=\"https:\/\/moresults.pt\/wp-content\/uploads\/2026\/04\/ikea.webp\"><\/div>\n    <div class=\"voucher-card\"><img decoding=\"async\" src=\"https:\/\/moresults.pt\/wp-content\/uploads\/2026\/04\/cinenos.webp\"><\/div>\n    <div class=\"voucher-card\"><img decoding=\"async\" src=\"https:\/\/moresults.pt\/wp-content\/uploads\/2026\/04\/miio.webp\"><\/div>\n    <div class=\"voucher-card\"><img decoding=\"async\" src=\"https:\/\/moresults.pt\/wp-content\/uploads\/2026\/04\/petness.webp\"><\/div>\n    <div class=\"voucher-card\"><img decoding=\"async\" src=\"https:\/\/moresults.pt\/wp-content\/uploads\/2026\/04\/abreu.webp\"><\/div>\n    <div class=\"voucher-card\"><img decoding=\"async\" src=\"https:\/\/moresults.pt\/wp-content\/uploads\/2026\/04\/wook.webp\"><\/div>\n\n    <!-- LOOP 2 (duplicado para anima\u00e7\u00e3o cont\u00ednua) -->\n    <div class=\"voucher-card\"><img decoding=\"async\" src=\"https:\/\/moresults.pt\/wp-content\/uploads\/2026\/04\/decathlon-8.webp\"><\/div>\n    <div class=\"voucher-card\"><img decoding=\"async\" src=\"https:\/\/moresults.pt\/wp-content\/uploads\/2026\/04\/galp-2.webp\"><\/div>\n    <div class=\"voucher-card\"><img decoding=\"async\" src=\"https:\/\/moresults.pt\/wp-content\/uploads\/2026\/04\/voucher-fnac-3.webp\"><\/div>\n    <div class=\"voucher-card\"><img decoding=\"async\" src=\"https:\/\/moresults.pt\/wp-content\/uploads\/2026\/04\/voucher-pingo-doce-3.webp\"><\/div>\n    <div class=\"voucher-card\"><img decoding=\"async\" src=\"https:\/\/moresults.pt\/wp-content\/uploads\/2026\/04\/ikea.webp\"><\/div>\n    <div class=\"voucher-card\"><img decoding=\"async\" src=\"https:\/\/moresults.pt\/wp-content\/uploads\/2026\/04\/cinenos.webp\"><\/div>\n    <div class=\"voucher-card\"><img decoding=\"async\" src=\"https:\/\/moresults.pt\/wp-content\/uploads\/2026\/04\/miio.webp\"><\/div>\n    <div class=\"voucher-card\"><img decoding=\"async\" src=\"https:\/\/moresults.pt\/wp-content\/uploads\/2026\/04\/petness.webp\"><\/div>\n    <div class=\"voucher-card\"><img decoding=\"async\" src=\"https:\/\/moresults.pt\/wp-content\/uploads\/2026\/04\/abreu.webp\"><\/div>\n    <div class=\"voucher-card\"><img decoding=\"async\" src=\"https:\/\/moresults.pt\/wp-content\/uploads\/2026\/04\/wook.webp\"><\/div>\n\n  <\/div>\n<\/div>\t\t\t\t<\/div>\n\t\t\t\t<\/div>\n\t\t\t\t<\/div>\n\t\t<div class=\"elementor-element elementor-element-3b2165c cta-section e-flex e-con-boxed e-con e-parent\" data-id=\"3b2165c\" data-element_type=\"container\" data-e-type=\"container\">\n\t\t\t\t\t<div class=\"e-con-inner\">\n\t\t\t\t<div class=\"elementor-element elementor-element-72ebcba elementor-widget elementor-widget-html\" data-id=\"72ebcba\" data-element_type=\"widget\" data-e-type=\"widget\" data-widget_type=\"html.default\">\n\t\t\t\t<div class=\"elementor-widget-container\">\n\t\t\t\t\t<div class=\"recompensas-cta\">\n  <div class=\"recompensas-cta-inner\">\n    <p class=\"recompensas-cta-kicker\">Painel Pinta d\u2019Amarelo<\/p>\n    <h2 class=\"recompensas-cta-title\">A sua voz \u00e9 o novo importante.<\/h2>\n    <p class=\"recompensas-cta-text\">\n      Participe, acumule pontos e transforme a sua opini\u00e3o em recompensas.\n    <\/p>\n    <div class=\"recompensas-cta-button\"><\/div>\n  <\/div>\n<\/div>\t\t\t\t<\/div>\n\t\t\t\t<\/div>\n\t\t\t\t<div class=\"elementor-element elementor-element-d026445 elementor-align-center elementor-widget elementor-widget-button\" data-id=\"d026445\" data-element_type=\"widget\" data-e-type=\"widget\" data-widget_type=\"button.default\">\n\t\t\t\t<div class=\"elementor-widget-container\">\n\t\t\t\t\t\t\t\t\t<div class=\"elementor-button-wrapper\">\n\t\t\t\t\t<a class=\"elementor-button elementor-button-link elementor-size-sm\" href=\"https:\/\/portalpinta.pt\/\" target=\"_blank\" rel=\"noopener\">\n\t\t\t\t\t\t<span class=\"elementor-button-content-wrapper\">\n\t\t\t\t\t\t\t\t\t<span class=\"elementor-button-text\">Participar no Painel<\/span>\n\t\t\t\t\t<\/span>\n\t\t\t\t\t<\/a>\n\t\t\t\t<\/div>\n\t\t\t\t\t\t\t\t<\/div>\n\t\t\t\t<\/div>\n\t\t\t\t\t<\/div>\n\t\t\t\t<\/div>\n\t\t\t\t<\/div>","protected":false},"excerpt":{"rendered":"<p>D\u00ea a sua opini\u00e3o. Receba recompensas. Cada participa\u00e7\u00e3o transforma-se em pontos que pode trocar por vouchers no portal do painel. [&hellip;]<\/p>\n","protected":false},"author":1,"featured_media":0,"parent":0,"menu_order":0,"comment_status":"closed","ping_status":"closed","template":"","meta":{"site-sidebar-layout":"no-sidebar","site-content-layout":"","ast-site-content-layout":"full-width-container","site-content-style":"default","site-sidebar-style":"default","ast-global-header-display":"","ast-banner-title-visibility":"","ast-main-header-display":"","ast-hfb-above-header-display":"","ast-hfb-below-header-display":"","ast-hfb-mobile-header-display":"","site-post-title":"disabled","ast-breadcrumbs-content":"","ast-featured-img":"disabled","footer-sml-layout":"","theme-transparent-header-meta":"","adv-header-id-meta":"","stick-header-meta":"","header-above-stick-meta":"","header-main-stick-meta":"","header-below-stick-meta":"","astra-migrate-meta-layouts":"default","ast-page-background-enabled":"default","ast-page-background-meta":{"desktop":{"background-color":"var(--ast-global-color-5)","background-image":"","background-repeat":"repeat","background-position":"center center","background-size":"auto","background-attachment":"scroll","background-type":"","background-media":"","overlay-type":"","overlay-color":"","overlay-opacity":"","overlay-gradient":""},"tablet":{"background-color":"","background-image":"","background-repeat":"repeat","background-position":"center center","background-size":"auto","background-attachment":"scroll","background-type":"","background-media":"","overlay-type":"","overlay-color":"","overlay-opacity":"","overlay-gradient":""},"mobile":{"background-color":"","background-image":"","background-repeat":"repeat","background-position":"center center","background-size":"auto","background-attachment":"scroll","background-type":"","background-media":"","overlay-type":"","overlay-color":"","overlay-opacity":"","overlay-gradient":""}},"ast-content-background-meta":{"desktop":{"background-color":"var(--ast-global-color-4)","background-image":"","background-repeat":"repeat","background-position":"center center","background-size":"auto","background-attachment":"scroll","background-type":"","background-media":"","overlay-type":"","overlay-color":"","overlay-opacity":"","overlay-gradient":""},"tablet":{"background-color":"var(--ast-global-color-4)","background-image":"","background-repeat":"repeat","background-position":"center center","background-size":"auto","background-attachment":"scroll","background-type":"","background-media":"","overlay-type":"","overlay-color":"","overlay-opacity":"","overlay-gradient":""},"mobile":{"background-color":"var(--ast-global-color-4)","background-image":"","background-repeat":"repeat","background-position":"center center","background-size":"auto","background-attachment":"scroll","background-type":"","background-media":"","overlay-type":"","overlay-color":"","overlay-opacity":"","overlay-gradient":""}},"footnotes":""},"class_list":["post-2965","page","type-page","status-publish","hentry"],"_links":{"self":[{"href":"https:\/\/moresults.pt\/en\/wp-json\/wp\/v2\/pages\/2965","targetHints":{"allow":["GET"]}}],"collection":[{"href":"https:\/\/moresults.pt\/en\/wp-json\/wp\/v2\/pages"}],"about":[{"href":"https:\/\/moresults.pt\/en\/wp-json\/wp\/v2\/types\/page"}],"author":[{"embeddable":true,"href":"https:\/\/moresults.pt\/en\/wp-json\/wp\/v2\/users\/1"}],"replies":[{"embeddable":true,"href":"https:\/\/moresults.pt\/en\/wp-json\/wp\/v2\/comments?post=2965"}],"version-history":[{"count":85,"href":"https:\/\/moresults.pt\/en\/wp-json\/wp\/v2\/pages\/2965\/revisions"}],"predecessor-version":[{"id":3270,"href":"https:\/\/moresults.pt\/en\/wp-json\/wp\/v2\/pages\/2965\/revisions\/3270"}],"wp:attachment":[{"href":"https:\/\/moresults.pt\/en\/wp-json\/wp\/v2\/media?parent=2965"}],"curies":[{"name":"wp","href":"https:\/\/api.w.org\/{rel}","templated":true}]}}