{"id":2683,"date":"2026-04-13T09:27:42","date_gmt":"2026-04-13T09:27:42","guid":{"rendered":"https:\/\/moresults.pt\/?page_id=2683"},"modified":"2026-04-16T15:22:23","modified_gmt":"2026-04-16T15:22:23","slug":"como-participar","status":"publish","type":"page","link":"https:\/\/moresults.pt\/en\/como-participar\/","title":{"rendered":"Como Participar"},"content":{"rendered":"<div data-elementor-type=\"wp-page\" data-elementor-id=\"2683\" class=\"elementor elementor-2683\">\n\t\t\t\t<div class=\"elementor-element elementor-element-620c731 e-con-full e-flex e-con e-parent\" data-id=\"620c731\" data-element_type=\"container\" data-e-type=\"container\" data-settings=\"{&quot;background_background&quot;:&quot;classic&quot;}\">\n\t\t<div class=\"elementor-element elementor-element-915b473 e-con-full e-flex e-con e-child\" data-id=\"915b473\" data-element_type=\"container\" data-e-type=\"container\">\n\t\t\t\t<div class=\"elementor-element elementor-element-18c8765 elementor-widget-mobile__width-inherit elementor-hidden-desktop elementor-hidden-tablet elementor-widget elementor-widget-heading\" data-id=\"18c8765\" data-element_type=\"widget\" data-e-type=\"widget\" data-widget_type=\"heading.default\">\n\t\t\t\t<div class=\"elementor-widget-container\">\n\t\t\t\t\t<h2 class=\"elementor-heading-title elementor-size-default\">Como participar no Painel <br>Pinta d\u2019<span style=\"color:#CEBA42\">Amarelo<\/span><br \/><\/h2>\t\t\t\t<\/div>\n\t\t\t\t<\/div>\n\t\t\t\t<\/div>\n\t\t<div class=\"elementor-element elementor-element-5d2271c e-con-full elementor-hidden-mobile e-flex e-con e-child\" data-id=\"5d2271c\" data-element_type=\"container\" data-e-type=\"container\">\n\t\t\t\t<div class=\"elementor-element elementor-element-5990e86 elementor-widget-mobile__width-inherit elementor-widget elementor-widget-heading\" data-id=\"5990e86\" data-element_type=\"widget\" data-e-type=\"widget\" data-widget_type=\"heading.default\">\n\t\t\t\t<div class=\"elementor-widget-container\">\n\t\t\t\t\t<h2 class=\"elementor-heading-title elementor-size-default\">Como participar no<br>\nPainel Pinta d\u2019<span style=\"color:#CEBA42\">Amarelo<\/span><\/h2>\t\t\t\t<\/div>\n\t\t\t\t<\/div>\n\t\t\t\t<\/div>\n\t\t\t\t<\/div>\n\t\t<div class=\"elementor-element elementor-element-53d2ef1 e-flex e-con-boxed e-con e-parent\" data-id=\"53d2ef1\" data-element_type=\"container\" data-e-type=\"container\">\n\t\t\t\t\t<div class=\"e-con-inner\">\n\t\t\t\t<div class=\"elementor-element elementor-element-3b2dfc6 elementor-widget elementor-widget-html\" data-id=\"3b2dfc6\" data-element_type=\"widget\" data-e-type=\"widget\" data-widget_type=\"html.default\">\n\t\t\t\t<div class=\"elementor-widget-container\">\n\t\t\t\t\t<style>\n.como-participar-wrap {\n  position: relative;\n  width: 100%;\n  max-width: 1240px;\n  margin: 0 auto;\n  padding: 70px 32px 120px 32px;\n  box-sizing: border-box;\n}\n\n\/* intro *\/\n.como-participar-intro {\n  max-width: 760px;\n  margin: 0 auto 56px auto;\n  text-align: center;\n}\n\n.como-participar-intro h2 {\n  margin: 0 0 14px 0;\n  font-size: 34px;\n  line-height: 1.15;\n  font-weight: 700;\n  color: #111111;\n}\n\n.como-participar-intro p {\n  margin: 0;\n  font-size: 18px;\n  line-height: 1.7;\n  color: #2A2A2A;\n}\n\n\/* steps area *\/\n.como-participar-steps {\n  position: relative;\n  width: 100%;\n  box-sizing: border-box;\n}\n\n.como-participar-steps::before {\n  content: \"\";\n  position: absolute;\n  top: 52px;\n  bottom: 40px;\n  left: 50%;\n  width: 155px;\n  transform: translateX(-50%);\n  background: linear-gradient(\n    180deg,\n    rgba(231, 221, 181, 0.08) 0%,\n    rgba(231, 221, 181, 0.18) 20%,\n    rgba(231, 221, 181, 0.18) 80%,\n    rgba(231, 221, 181, 0.08) 100%\n  );\n  border-radius: 999px;\n  pointer-events: none;\n}\n\n\/* cada step *\/\n.como-participar-step {\n  position: relative;\n  display: grid;\n  grid-template-columns: 1fr 1fr;\n  align-items: center;\n  min-height: 200px;\n}\n\n.como-participar-step + .como-participar-step {\n  margin-top: 8px;\n}\n\n.como-participar-step:last-child {\n  margin-top: -10px;\n}\n\n\/* lados *\/\n.como-participar-side {\n  display: flex;\n  align-items: center;\n  gap: 26px;\n  min-width: 0;\n}\n\n\/* \u00edmpares *\/\n.como-participar-step.left .como-participar-side {\n  justify-content: flex-end;\n  padding-right: 52px;\n}\n\n\/* pares *\/\n.como-participar-step.right .como-participar-side {\n  justify-content: flex-start;\n  padding-left: 52px;\n  flex-direction: row-reverse;\n}\n\n\/* n\u00famero *\/\n.como-participar-number {\n  flex: 0 0 auto;\n  font-size: 158px;\n  line-height: 0.82;\n  font-weight: 800;\n  letter-spacing: -4px;\n  color: #E7DDB5;\n  transform: translateY(4px);\n  white-space: nowrap;\n}\n\n\/* texto *\/\n.como-participar-text {\n  max-width: 430px;\n}\n\n.como-participar-step.left .como-participar-text {\n  text-align: left;\n}\n\n.como-participar-step.right .como-participar-text {\n  text-align: right;\n}\n\n.como-participar-text h3 {\n  margin: 0 0 8px 0;\n  font-size: 30px;\n  line-height: 1.12;\n  font-weight: 700;\n  color: #111111;\n}\n\n.como-participar-text p {\n  margin: 0;\n  font-size: 19px;\n  line-height: 1.6;\n  color: #2A2A2A;\n}\n\n\/* mobile *\/\n@media (max-width: 767px) {\n  .como-participar-wrap {\n    padding: 50px 20px 70px 20px;\n  }\n\n  .como-participar-intro {\n    margin: 0 0 40px 0;\n    text-align: left;\n  }\n\n  .como-participar-intro h2 {\n    margin: 0 0 10px 0;\n    font-size: 28px;\n    line-height: 1.18;\n  }\n\n  .como-participar-intro p {\n    font-size: 17px;\n    line-height: 1.6;\n  }\n\n  .como-participar-steps::before {\n    display: none;\n  }\n\n  .como-participar-step {\n    display: block;\n    min-height: auto;\n  }\n\n  .como-participar-step + .como-participar-step {\n    margin-top: 34px;\n  }\n\n  .como-participar-side,\n  .como-participar-step.left .como-participar-side,\n  .como-participar-step.right .como-participar-side {\n    display: flex;\n    flex-direction: column;\n    align-items: flex-start;\n    justify-content: flex-start;\n    gap: 10px;\n    padding: 0;\n  }\n\n  .como-participar-step.right .como-participar-side {\n    flex-direction: column;\n  }\n\n  .como-participar-number {\n    font-size: 78px;\n    line-height: 0.9;\n    letter-spacing: -2px;\n    transform: none;\n  }\n\n  .como-participar-text,\n  .como-participar-step.left .como-participar-text,\n  .como-participar-step.right .como-participar-text {\n    max-width: none;\n    width: 100%;\n    text-align: left;\n  }\n\n  .como-participar-text h3 {\n    font-size: 24px;\n    margin-bottom: 6px;\n  }\n\n  .como-participar-text p {\n    font-size: 17px;\n    line-height: 1.6;\n  }\n}\n<\/style>\n\n<div class=\"como-participar-wrap\">\n\n  <div class=\"como-participar-intro\">\n    <h2>Como funciona o Painel Pinta d\u2019Amarelo<\/h2>\n    <p>Participar \u00e9 simples e flex\u00edvel. Sempre que a sua opini\u00e3o for relevante para um estudo, ser\u00e1 convidado a participar.<\/p>\n  <\/div>\n\n  <div class=\"como-participar-steps\">\n\n    <div class=\"como-participar-step left\">\n      <div><\/div>\n      <div class=\"como-participar-side\">\n        <div class=\"como-participar-number\">01<\/div>\n        <div class=\"como-participar-text\">\n          <h3>Inscri\u00e7\u00e3o<\/h3>\n          <p>Inscreva-se no painel atrav\u00e9s do portal e complete o seu perfil.<\/p>\n        <\/div>\n      <\/div>\n    <\/div>\n\n    <div class=\"como-participar-step right\">\n      <div class=\"como-participar-side\">\n        <div class=\"como-participar-number\">02<\/div>\n        <div class=\"como-participar-text\">\n          <h3>Convites<\/h3>\n          <p>Receber\u00e1 convites para participar em estudos adequados ao seu perfil.<\/p>\n        <\/div>\n      <\/div>\n      <div><\/div>\n    <\/div>\n\n    <div class=\"como-participar-step left\">\n      <div><\/div>\n      <div class=\"como-participar-side\">\n        <div class=\"como-participar-number\">03<\/div>\n        <div class=\"como-participar-text\">\n          <h3>Participa\u00e7\u00e3o<\/h3>\n          <p>Partilhe a sua opini\u00e3o atrav\u00e9s de question\u00e1rios, entrevistas ou outras iniciativas.<\/p>\n        <\/div>\n      <\/div>\n    <\/div>\n\n    <div class=\"como-participar-step right\">\n      <div class=\"como-participar-side\">\n        <div class=\"como-participar-number\">04<\/div>\n        <div class=\"como-participar-text\">\n          <h3>Clear, useful, and relevant<\/h3>\n          <p>Ir\u00e1 receber recompensas pela sua participa\u00e7\u00e3o.<\/p>\n        <\/div>\n      <\/div>\n      <div><\/div>\n    <\/div>\n\n  <\/div>\n<\/div>\t\t\t\t<\/div>\n\t\t\t\t<\/div>\n\t\t\t\t\t<\/div>\n\t\t\t\t<\/div>\n\t\t<div class=\"elementor-element elementor-element-7f8b705 e-flex e-con-boxed e-con e-parent\" data-id=\"7f8b705\" data-element_type=\"container\" data-e-type=\"container\">\n\t\t\t\t\t<div class=\"e-con-inner\">\n\t\t\t\t<div class=\"elementor-element elementor-element-0b55fd2 elementor-widget elementor-widget-text-editor\" data-id=\"0b55fd2\" data-element_type=\"widget\" data-e-type=\"widget\" data-widget_type=\"text-editor.default\">\n\t\t\t\t<div class=\"elementor-widget-container\">\n\t\t\t\t\t\t\t\t\t<p style=\"text-align: center;\">\n  <span style=\"color: #000000;\">\n    A sua voz \u00e9 <strong>o novo importante.<\/strong><br>\n    Partilhe-a e receba recompensas.\n  <\/span>\n<\/p>\t\t\t\t\t\t\t\t<\/div>\n\t\t\t\t<\/div>\n\t\t\t\t<div class=\"elementor-element elementor-element-935560a elementor-widget elementor-widget-button\" data-id=\"935560a\" data-element_type=\"widget\" data-e-type=\"widget\" data-widget_type=\"button.default\">\n\t\t\t\t<div class=\"elementor-widget-container\">\n\t\t\t\t\t\t\t\t\t<div class=\"elementor-button-wrapper\">\n\t\t\t\t\t<a class=\"elementor-button elementor-button-link elementor-size-sm\" href=\"https:\/\/portalpinta.pt\/\" target=\"_blank\" rel=\"noopener\">\n\t\t\t\t\t\t<span class=\"elementor-button-content-wrapper\">\n\t\t\t\t\t\t\t\t\t<span class=\"elementor-button-text\">Participar no Painel<\/span>\n\t\t\t\t\t<\/span>\n\t\t\t\t\t<\/a>\n\t\t\t\t<\/div>\n\t\t\t\t\t\t\t\t<\/div>\n\t\t\t\t<\/div>\n\t\t\t\t\t<\/div>\n\t\t\t\t<\/div>\n\t\t\t\t<\/div>","protected":false},"excerpt":{"rendered":"<p>Como participar no Painel Pinta d\u2019Amarelo Como participar no Painel Pinta d\u2019Amarelo Como funciona o Painel Pinta d\u2019Amarelo Participar \u00e9 [&hellip;]<\/p>\n","protected":false},"author":1,"featured_media":0,"parent":0,"menu_order":0,"comment_status":"closed","ping_status":"closed","template":"","meta":{"site-sidebar-layout":"no-sidebar","site-content-layout":"","ast-site-content-layout":"full-width-container","site-content-style":"default","site-sidebar-style":"default","ast-global-header-display":"","ast-banner-title-visibility":"","ast-main-header-display":"","ast-hfb-above-header-display":"","ast-hfb-below-header-display":"","ast-hfb-mobile-header-display":"","site-post-title":"disabled","ast-breadcrumbs-content":"","ast-featured-img":"disabled","footer-sml-layout":"","theme-transparent-header-meta":"","adv-header-id-meta":"","stick-header-meta":"","header-above-stick-meta":"","header-main-stick-meta":"","header-below-stick-meta":"","astra-migrate-meta-layouts":"default","ast-page-background-enabled":"default","ast-page-background-meta":{"desktop":{"background-color":"var(--ast-global-color-5)","background-image":"","background-repeat":"repeat","background-position":"center center","background-size":"auto","background-attachment":"scroll","background-type":"","background-media":"","overlay-type":"","overlay-color":"","overlay-opacity":"","overlay-gradient":""},"tablet":{"background-color":"","background-image":"","background-repeat":"repeat","background-position":"center center","background-size":"auto","background-attachment":"scroll","background-type":"","background-media":"","overlay-type":"","overlay-color":"","overlay-opacity":"","overlay-gradient":""},"mobile":{"background-color":"","background-image":"","background-repeat":"repeat","background-position":"center center","background-size":"auto","background-attachment":"scroll","background-type":"","background-media":"","overlay-type":"","overlay-color":"","overlay-opacity":"","overlay-gradient":""}},"ast-content-background-meta":{"desktop":{"background-color":"var(--ast-global-color-4)","background-image":"","background-repeat":"repeat","background-position":"center center","background-size":"auto","background-attachment":"scroll","background-type":"","background-media":"","overlay-type":"","overlay-color":"","overlay-opacity":"","overlay-gradient":""},"tablet":{"background-color":"var(--ast-global-color-4)","background-image":"","background-repeat":"repeat","background-position":"center center","background-size":"auto","background-attachment":"scroll","background-type":"","background-media":"","overlay-type":"","overlay-color":"","overlay-opacity":"","overlay-gradient":""},"mobile":{"background-color":"var(--ast-global-color-4)","background-image":"","background-repeat":"repeat","background-position":"center center","background-size":"auto","background-attachment":"scroll","background-type":"","background-media":"","overlay-type":"","overlay-color":"","overlay-opacity":"","overlay-gradient":""}},"footnotes":""},"class_list":["post-2683","page","type-page","status-publish","hentry"],"_links":{"self":[{"href":"https:\/\/moresults.pt\/en\/wp-json\/wp\/v2\/pages\/2683","targetHints":{"allow":["GET"]}}],"collection":[{"href":"https:\/\/moresults.pt\/en\/wp-json\/wp\/v2\/pages"}],"about":[{"href":"https:\/\/moresults.pt\/en\/wp-json\/wp\/v2\/types\/page"}],"author":[{"embeddable":true,"href":"https:\/\/moresults.pt\/en\/wp-json\/wp\/v2\/users\/1"}],"replies":[{"embeddable":true,"href":"https:\/\/moresults.pt\/en\/wp-json\/wp\/v2\/comments?post=2683"}],"version-history":[{"count":268,"href":"https:\/\/moresults.pt\/en\/wp-json\/wp\/v2\/pages\/2683\/revisions"}],"predecessor-version":[{"id":3260,"href":"https:\/\/moresults.pt\/en\/wp-json\/wp\/v2\/pages\/2683\/revisions\/3260"}],"wp:attachment":[{"href":"https:\/\/moresults.pt\/en\/wp-json\/wp\/v2\/media?parent=2683"}],"curies":[{"name":"wp","href":"https:\/\/api.w.org\/{rel}","templated":true}]}}