{"id":2471,"date":"2026-04-09T15:50:17","date_gmt":"2026-04-09T15:50:17","guid":{"rendered":"https:\/\/moresults.pt\/?page_id=2471"},"modified":"2026-04-16T15:08:48","modified_gmt":"2026-04-16T15:08:48","slug":"painel-pinta-damarelo","status":"publish","type":"page","link":"https:\/\/moresults.pt\/en\/painel-pinta-damarelo\/","title":{"rendered":"Painel Pinta d&#8217;amarelo"},"content":{"rendered":"<div data-elementor-type=\"wp-page\" data-elementor-id=\"2471\" class=\"elementor elementor-2471\">\n\t\t\t\t<div class=\"elementor-element elementor-element-b9b217f e-flex e-con-boxed e-con e-parent\" data-id=\"b9b217f\" data-element_type=\"container\" data-e-type=\"container\" data-settings=\"{&quot;background_background&quot;:&quot;gradient&quot;}\">\n\t\t\t\t\t<div class=\"e-con-inner\">\n\t\t\t\t<div class=\"elementor-element elementor-element-ef3f4b1 elementor-widget__width-initial elementor-widget elementor-widget-heading\" data-id=\"ef3f4b1\" data-element_type=\"widget\" data-e-type=\"widget\" data-widget_type=\"heading.default\">\n\t\t\t\t<div class=\"elementor-widget-container\">\n\t\t\t\t\t<h2 class=\"elementor-heading-title elementor-size-default\"><span style=\"color:#ffffff\">O novo importante come\u00e7a nas <span style=\"color:#BFA93A\">pessoas<\/span>.<\/h2>\t\t\t\t<\/div>\n\t\t\t\t<\/div>\n\t\t\t\t<div class=\"elementor-element elementor-element-45a1412 elementor-widget elementor-widget-text-editor\" data-id=\"45a1412\" data-element_type=\"widget\" data-e-type=\"widget\" data-widget_type=\"text-editor.default\">\n\t\t\t\t<div class=\"elementor-widget-container\">\n\t\t\t\t\t\t\t\t\t<span style=\"color: #ffffff;\">Painel Pinta d\u2019amarelo <\/span>\n<span style=\"color: #ffffff;\">A comunidade de consumidores da MORE Results.<\/span>\t\t\t\t\t\t\t\t<\/div>\n\t\t\t\t<\/div>\n\t\t\t\t<div class=\"elementor-element elementor-element-9410c5b elementor-mobile-align-center elementor-widget elementor-widget-button\" data-id=\"9410c5b\" data-element_type=\"widget\" data-e-type=\"widget\" data-widget_type=\"button.default\">\n\t\t\t\t<div class=\"elementor-widget-container\">\n\t\t\t\t\t\t\t\t\t<div class=\"elementor-button-wrapper\">\n\t\t\t\t\t<a class=\"elementor-button elementor-button-link elementor-size-sm\" href=\"https:\/\/portalpinta.pt\" target=\"_blank\" rel=\"noopener\">\n\t\t\t\t\t\t<span class=\"elementor-button-content-wrapper\">\n\t\t\t\t\t\t\t\t\t<span class=\"elementor-button-text\">Participar no painel<\/span>\n\t\t\t\t\t<\/span>\n\t\t\t\t\t<\/a>\n\t\t\t\t<\/div>\n\t\t\t\t\t\t\t\t<\/div>\n\t\t\t\t<\/div>\n\t\t\t\t\t<\/div>\n\t\t\t\t<\/div>\n\t\t<div class=\"elementor-element elementor-element-3e86bcf e-flex e-con-boxed e-con e-parent\" data-id=\"3e86bcf\" data-element_type=\"container\" data-e-type=\"container\">\n\t\t\t\t\t<div class=\"e-con-inner\">\n\t\t<div class=\"elementor-element elementor-element-e65c77b e-con-full e-flex e-con e-child\" data-id=\"e65c77b\" data-element_type=\"container\" data-e-type=\"container\">\n\t\t\t\t<div class=\"elementor-element elementor-element-f7f5a3a elementor-widget elementor-widget-heading\" data-id=\"f7f5a3a\" data-element_type=\"widget\" data-e-type=\"widget\" data-widget_type=\"heading.default\">\n\t\t\t\t<div class=\"elementor-widget-container\">\n\t\t\t\t\t<h2 class=\"elementor-heading-title elementor-size-default\">O Painel<\/h2>\t\t\t\t<\/div>\n\t\t\t\t<\/div>\n\t\t\t\t<div class=\"elementor-element elementor-element-7f82a5e elementor-widget__width-initial elementor-widget elementor-widget-text-editor\" data-id=\"7f82a5e\" data-element_type=\"widget\" data-e-type=\"widget\" data-widget_type=\"text-editor.default\">\n\t\t\t\t<div class=\"elementor-widget-container\">\n\t\t\t\t\t\t\t\t\t<p>O Painel Pinta d\u2019Amarelo nasceu de uma ideia simples:<\/p><h5><span style=\"color: #808080;\"><strong><span style=\"color: #333333;\">dar voz ao que \u00e9 realmente importante para as<\/span> <span style=\"color: #ceba42;\">pessoas<\/span>.<\/strong><\/span><\/h5><p>No mundo dos estudos de mercado, acreditamos que o novo importante est\u00e1 nas experi\u00eancias, opini\u00f5es e expectativas dos consumidores.<\/p><p>\u00c9 por isso que cri\u00e1mos uma comunidade onde as pessoas podem participar em estudos e contribuir para decis\u00f5es mais informadas por parte das empresas e organiza\u00e7\u00f5es.<\/p>\t\t\t\t\t\t\t\t<\/div>\n\t\t\t\t<\/div>\n\t\t\t\t<\/div>\n\t\t<div class=\"elementor-element elementor-element-de25eb5 e-con-full e-flex e-con e-child\" data-id=\"de25eb5\" data-element_type=\"container\" data-e-type=\"container\" data-settings=\"{&quot;background_background&quot;:&quot;classic&quot;}\">\n\t\t\t\t<div class=\"elementor-element elementor-element-ce8da6a elementor-widget elementor-widget-image\" data-id=\"ce8da6a\" data-element_type=\"widget\" data-e-type=\"widget\" data-widget_type=\"image.default\">\n\t\t\t\t<div class=\"elementor-widget-container\">\n\t\t\t\t\t\t\t\t\t\t\t\t\t\t\t<img fetchpriority=\"high\" decoding=\"async\" width=\"1920\" height=\"1454\" src=\"https:\/\/moresults.pt\/wp-content\/uploads\/2026\/04\/Imagem-1.webp\" class=\"attachment-full size-full wp-image-2508\" alt=\"\" srcset=\"https:\/\/moresults.pt\/wp-content\/uploads\/2026\/04\/Imagem-1.webp 1920w, https:\/\/moresults.pt\/wp-content\/uploads\/2026\/04\/Imagem-1-300x227.webp 300w, https:\/\/moresults.pt\/wp-content\/uploads\/2026\/04\/Imagem-1-1024x775.webp 1024w, https:\/\/moresults.pt\/wp-content\/uploads\/2026\/04\/Imagem-1-768x582.webp 768w, https:\/\/moresults.pt\/wp-content\/uploads\/2026\/04\/Imagem-1-1536x1163.webp 1536w, https:\/\/moresults.pt\/wp-content\/uploads\/2026\/04\/Imagem-1-16x12.webp 16w\" sizes=\"(max-width: 1920px) 100vw, 1920px\" \/>\t\t\t\t\t\t\t\t\t\t\t\t\t\t\t<\/div>\n\t\t\t\t<\/div>\n\t\t\t\t<div class=\"elementor-element elementor-element-8d89f76 elementor-widget elementor-widget-heading\" data-id=\"8d89f76\" data-element_type=\"widget\" data-e-type=\"widget\" data-widget_type=\"heading.default\">\n\t\t\t\t<div class=\"elementor-widget-container\">\n\t\t\t\t\t<h2 class=\"elementor-heading-title elementor-size-default\">Nova fase com a <br>MORE Results<\/h2>\t\t\t\t<\/div>\n\t\t\t\t<\/div>\n\t\t\t\t<div class=\"elementor-element elementor-element-827ebe3 elementor-widget elementor-widget-text-editor\" data-id=\"827ebe3\" data-element_type=\"widget\" data-e-type=\"widget\" data-widget_type=\"text-editor.default\">\n\t\t\t\t<div class=\"elementor-widget-container\">\n\t\t\t\t\t\t\t\t\t<p>O projeto Pinta d\u2019Amarelo inicia agora uma nova etapa ao passar a integrar a MORE Results.<\/p><p>O painel continuar\u00e1 a ser desenvolvido e ampliado pela nossa equipa, refor\u00e7ando a liga\u00e7\u00e3o direta entre marcas e consumidores.<\/p>\t\t\t\t\t\t\t\t<\/div>\n\t\t\t\t<\/div>\n\t\t\t\t<\/div>\n\t\t\t\t\t<\/div>\n\t\t\t\t<\/div>\n\t\t<div class=\"elementor-element elementor-element-52514cf e-flex e-con-boxed e-con e-parent\" data-id=\"52514cf\" data-element_type=\"container\" data-e-type=\"container\">\n\t\t\t\t\t<div class=\"e-con-inner\">\n\t\t\t\t<div class=\"elementor-element elementor-element-405f9a6 elementor-widget elementor-widget-heading\" data-id=\"405f9a6\" data-element_type=\"widget\" data-e-type=\"widget\" data-widget_type=\"heading.default\">\n\t\t\t\t<div class=\"elementor-widget-container\">\n\t\t\t\t\t<h2 class=\"elementor-heading-title elementor-size-default\">Como funciona<\/h2>\t\t\t\t<\/div>\n\t\t\t\t<\/div>\n\t\t<div class=\"elementor-element elementor-element-41c3741 e-con-full e-flex e-con e-child\" data-id=\"41c3741\" data-element_type=\"container\" data-e-type=\"container\">\n\t\t<div class=\"elementor-element elementor-element-88210eb e-con-full e-flex e-con e-child\" data-id=\"88210eb\" data-element_type=\"container\" data-e-type=\"container\">\n\t\t\t\t<div class=\"elementor-element elementor-element-fa56c6a elementor-widget elementor-widget-heading\" data-id=\"fa56c6a\" data-element_type=\"widget\" data-e-type=\"widget\" data-widget_type=\"heading.default\">\n\t\t\t\t<div class=\"elementor-widget-container\">\n\t\t\t\t\t<h2 class=\"elementor-heading-title elementor-size-default\">01<\/h2>\t\t\t\t<\/div>\n\t\t\t\t<\/div>\n\t\t\t\t<div class=\"elementor-element elementor-element-1ad0f99 elementor-widget elementor-widget-heading\" data-id=\"1ad0f99\" data-element_type=\"widget\" data-e-type=\"widget\" data-widget_type=\"heading.default\">\n\t\t\t\t<div class=\"elementor-widget-container\">\n\t\t\t\t\t<h2 class=\"elementor-heading-title elementor-size-default\">Inscri\u00e7\u00e3o<\/h2>\t\t\t\t<\/div>\n\t\t\t\t<\/div>\n\t\t\t\t<div class=\"elementor-element elementor-element-d525c83 elementor-widget elementor-widget-text-editor\" data-id=\"d525c83\" data-element_type=\"widget\" data-e-type=\"widget\" data-widget_type=\"text-editor.default\">\n\t\t\t\t<div class=\"elementor-widget-container\">\n\t\t\t\t\t\t\t\t\t<p>Inscreva-se no painel atrav\u00e9s do portal.<\/p>\t\t\t\t\t\t\t\t<\/div>\n\t\t\t\t<\/div>\n\t\t\t\t<\/div>\n\t\t<div class=\"elementor-element elementor-element-4be2940 e-con-full e-flex e-con e-child\" data-id=\"4be2940\" data-element_type=\"container\" data-e-type=\"container\">\n\t\t\t\t<div class=\"elementor-element elementor-element-6ea66e9 elementor-widget elementor-widget-heading\" data-id=\"6ea66e9\" data-element_type=\"widget\" data-e-type=\"widget\" data-widget_type=\"heading.default\">\n\t\t\t\t<div class=\"elementor-widget-container\">\n\t\t\t\t\t<h2 class=\"elementor-heading-title elementor-size-default\">02<\/h2>\t\t\t\t<\/div>\n\t\t\t\t<\/div>\n\t\t\t\t<div class=\"elementor-element elementor-element-27a3c80 elementor-widget elementor-widget-heading\" data-id=\"27a3c80\" data-element_type=\"widget\" data-e-type=\"widget\" data-widget_type=\"heading.default\">\n\t\t\t\t<div class=\"elementor-widget-container\">\n\t\t\t\t\t<h2 class=\"elementor-heading-title elementor-size-default\">Convites<\/h2>\t\t\t\t<\/div>\n\t\t\t\t<\/div>\n\t\t\t\t<div class=\"elementor-element elementor-element-eaa3522 elementor-widget elementor-widget-text-editor\" data-id=\"eaa3522\" data-element_type=\"widget\" data-e-type=\"widget\" data-widget_type=\"text-editor.default\">\n\t\t\t\t<div class=\"elementor-widget-container\">\n\t\t\t\t\t\t\t\t\t<p>Sempre que surge um estudo adequado ao seu perfil, recebe um convite para participar.<\/p>\t\t\t\t\t\t\t\t<\/div>\n\t\t\t\t<\/div>\n\t\t\t\t<\/div>\n\t\t<div class=\"elementor-element elementor-element-725ec14 e-con-full e-flex e-con e-child\" data-id=\"725ec14\" data-element_type=\"container\" data-e-type=\"container\">\n\t\t\t\t<div class=\"elementor-element elementor-element-2b9eed3 elementor-widget elementor-widget-heading\" data-id=\"2b9eed3\" data-element_type=\"widget\" data-e-type=\"widget\" data-widget_type=\"heading.default\">\n\t\t\t\t<div class=\"elementor-widget-container\">\n\t\t\t\t\t<h2 class=\"elementor-heading-title elementor-size-default\">03<\/h2>\t\t\t\t<\/div>\n\t\t\t\t<\/div>\n\t\t\t\t<div class=\"elementor-element elementor-element-a3be245 elementor-widget elementor-widget-heading\" data-id=\"a3be245\" data-element_type=\"widget\" data-e-type=\"widget\" data-widget_type=\"heading.default\">\n\t\t\t\t<div class=\"elementor-widget-container\">\n\t\t\t\t\t<h2 class=\"elementor-heading-title elementor-size-default\">Participa\u00e7\u00e3o<\/h2>\t\t\t\t<\/div>\n\t\t\t\t<\/div>\n\t\t\t\t<div class=\"elementor-element elementor-element-68b6362 elementor-widget elementor-widget-text-editor\" data-id=\"68b6362\" data-element_type=\"widget\" data-e-type=\"widget\" data-widget_type=\"text-editor.default\">\n\t\t\t\t<div class=\"elementor-widget-container\">\n\t\t\t\t\t\t\t\t\t<p>Partilhe a sua opini\u00e3o atrav\u00e9s de question\u00e1rios, entrevistas ou outras iniciativas de investiga\u00e7\u00e3o.<\/p>\t\t\t\t\t\t\t\t<\/div>\n\t\t\t\t<\/div>\n\t\t\t\t<\/div>\n\t\t\t\t<\/div>\n\t\t\t\t\t<\/div>\n\t\t\t\t<\/div>\n\t\t<div class=\"elementor-element elementor-element-20c5078 e-flex e-con-boxed e-con e-parent\" data-id=\"20c5078\" data-element_type=\"container\" data-e-type=\"container\" data-settings=\"{&quot;background_background&quot;:&quot;classic&quot;}\">\n\t\t\t\t\t<div class=\"e-con-inner\">\n\t\t\t\t<div class=\"elementor-element elementor-element-b72705c elementor-widget elementor-widget-heading\" data-id=\"b72705c\" data-element_type=\"widget\" data-e-type=\"widget\" data-widget_type=\"heading.default\">\n\t\t\t\t<div class=\"elementor-widget-container\">\n\t\t\t\t\t<h2 class=\"elementor-heading-title elementor-size-default\">Porque participar<\/h2>\t\t\t\t<\/div>\n\t\t\t\t<\/div>\n\t\t\t\t<div class=\"elementor-element elementor-element-34f3362 elementor-widget elementor-widget-text-editor\" data-id=\"34f3362\" data-element_type=\"widget\" data-e-type=\"widget\" data-widget_type=\"text-editor.default\">\n\t\t\t\t<div class=\"elementor-widget-container\">\n\t\t\t\t\t\t\t\t\t<p>Participar no Painel Pinta d\u2019Amarelo \u00e9 uma forma de <span style=\"color: #ceba42;\">pintar de amarelo<\/span> o que realmente importa.<\/p>\t\t\t\t\t\t\t\t<\/div>\n\t\t\t\t<\/div>\n\t\t\t\t<div class=\"elementor-element elementor-element-e3ee298 elementor-widget elementor-widget-text-editor\" data-id=\"e3ee298\" data-element_type=\"widget\" data-e-type=\"widget\" data-widget_type=\"text-editor.default\">\n\t\t\t\t<div class=\"elementor-widget-container\">\n\t\t\t\t\t\t\t\t\t<p>Ao partilhar a sua opini\u00e3o, ajuda empresas e organiza\u00e7\u00f5es a compreender melhor as necessidades, experi\u00eancias e expectativas das pessoas.<\/p>\t\t\t\t\t\t\t\t<\/div>\n\t\t\t\t<\/div>\n\t\t\t\t<div class=\"elementor-element elementor-element-88b5379 elementor-align-center elementor-widget elementor-widget-button\" data-id=\"88b5379\" data-element_type=\"widget\" data-e-type=\"widget\" data-widget_type=\"button.default\">\n\t\t\t\t<div class=\"elementor-widget-container\">\n\t\t\t\t\t\t\t\t\t<div class=\"elementor-button-wrapper\">\n\t\t\t\t\t<a class=\"elementor-button elementor-button-link elementor-size-sm\" href=\"https:\/\/portalpinta.pt\" target=\"_blank\" rel=\"noopener\">\n\t\t\t\t\t\t<span class=\"elementor-button-content-wrapper\">\n\t\t\t\t\t\t\t\t\t<span class=\"elementor-button-text\">Participar no painel<\/span>\n\t\t\t\t\t<\/span>\n\t\t\t\t\t<\/a>\n\t\t\t\t<\/div>\n\t\t\t\t\t\t\t\t<\/div>\n\t\t\t\t<\/div>\n\t\t\t\t\t<\/div>\n\t\t\t\t<\/div>\n\t\t<div class=\"elementor-element elementor-element-4d00ce6 e-flex e-con-boxed e-con e-parent\" data-id=\"4d00ce6\" data-element_type=\"container\" data-e-type=\"container\">\n\t\t\t\t\t<div class=\"e-con-inner\">\n\t\t<div class=\"elementor-element elementor-element-752fa0c e-con-full e-flex e-con e-child\" data-id=\"752fa0c\" data-element_type=\"container\" data-e-type=\"container\">\n\t\t\t\t<div class=\"elementor-element elementor-element-24a796f elementor-widget elementor-widget-image\" data-id=\"24a796f\" data-element_type=\"widget\" data-e-type=\"widget\" data-widget_type=\"image.default\">\n\t\t\t\t<div class=\"elementor-widget-container\">\n\t\t\t\t\t\t\t\t\t\t\t\t\t\t\t<img decoding=\"async\" width=\"1024\" height=\"931\" src=\"https:\/\/moresults.pt\/wp-content\/uploads\/2026\/04\/emmanuel-ikwuegbu-81fRHbVliQI-unsplash-4-1024x931.webp\" class=\"attachment-large size-large wp-image-2618\" alt=\"\" srcset=\"https:\/\/moresults.pt\/wp-content\/uploads\/2026\/04\/emmanuel-ikwuegbu-81fRHbVliQI-unsplash-4-1024x931.webp 1024w, https:\/\/moresults.pt\/wp-content\/uploads\/2026\/04\/emmanuel-ikwuegbu-81fRHbVliQI-unsplash-4-300x273.webp 300w, https:\/\/moresults.pt\/wp-content\/uploads\/2026\/04\/emmanuel-ikwuegbu-81fRHbVliQI-unsplash-4-768x698.webp 768w, https:\/\/moresults.pt\/wp-content\/uploads\/2026\/04\/emmanuel-ikwuegbu-81fRHbVliQI-unsplash-4-13x12.webp 13w, https:\/\/moresults.pt\/wp-content\/uploads\/2026\/04\/emmanuel-ikwuegbu-81fRHbVliQI-unsplash-4.webp 1536w\" sizes=\"(max-width: 1024px) 100vw, 1024px\" \/>\t\t\t\t\t\t\t\t\t\t\t\t\t\t\t<\/div>\n\t\t\t\t<\/div>\n\t\t\t\t<\/div>\n\t\t<div class=\"elementor-element elementor-element-ae4da10 e-con-full e-flex e-con e-child\" data-id=\"ae4da10\" data-element_type=\"container\" data-e-type=\"container\">\n\t\t\t\t<div class=\"elementor-element elementor-element-1f38cb6 elementor-widget elementor-widget-heading\" data-id=\"1f38cb6\" data-element_type=\"widget\" data-e-type=\"widget\" data-widget_type=\"heading.default\">\n\t\t\t\t<div class=\"elementor-widget-container\">\n\t\t\t\t\t<h2 class=\"elementor-heading-title elementor-size-default\">Comunidade em <br>crescimento<\/h2>\t\t\t\t<\/div>\n\t\t\t\t<\/div>\n\t\t\t\t<div class=\"elementor-element elementor-element-11db529 elementor-widget elementor-widget-text-editor\" data-id=\"11db529\" data-element_type=\"widget\" data-e-type=\"widget\" data-widget_type=\"text-editor.default\">\n\t\t\t\t<div class=\"elementor-widget-container\">\n\t\t\t\t\t\t\t\t\t<p>O Painel Pinta d\u2019Amarelo est\u00e1 numa fase de crescimento e desenvolvimento.<\/p><p>O nosso objetivo \u00e9 continuar a ampliar esta comunidade, garantindo diversidade de perfis e qualidade na participa\u00e7\u00e3o em estudos de mercado.<\/p><p><span style=\"font-weight: bold; color: #808080; font-family: Barlow, sans-serif; font-size: 20px;\"><span style=\"color: #333333;\">Junte-se a uma comunidade que est\u00e1 a crescer<\/span>\u00a0<span style=\"color: #ceba42;\">consigo<\/span>.<\/span><\/p>\t\t\t\t\t\t\t\t<\/div>\n\t\t\t\t<\/div>\n\t\t\t\t<\/div>\n\t\t\t\t\t<\/div>\n\t\t\t\t<\/div>\n\t\t\t\t<\/div>","protected":false},"excerpt":{"rendered":"<p>O novo importante come\u00e7a nas pessoas. Painel Pinta d\u2019amarelo A comunidade de consumidores da MORE Results. Participar no painel O [&hellip;]<\/p>\n","protected":false},"author":1,"featured_media":0,"parent":0,"menu_order":0,"comment_status":"closed","ping_status":"closed","template":"","meta":{"site-sidebar-layout":"no-sidebar","site-content-layout":"","ast-site-content-layout":"full-width-container","site-content-style":"default","site-sidebar-style":"default","ast-global-header-display":"","ast-banner-title-visibility":"","ast-main-header-display":"","ast-hfb-above-header-display":"","ast-hfb-below-header-display":"","ast-hfb-mobile-header-display":"","site-post-title":"disabled","ast-breadcrumbs-content":"","ast-featured-img":"disabled","footer-sml-layout":"","theme-transparent-header-meta":"","adv-header-id-meta":"","stick-header-meta":"","header-above-stick-meta":"","header-main-stick-meta":"","header-below-stick-meta":"","astra-migrate-meta-layouts":"default","ast-page-background-enabled":"default","ast-page-background-meta":{"desktop":{"background-color":"var(--ast-global-color-5)","background-image":"","background-repeat":"repeat","background-position":"center center","background-size":"auto","background-attachment":"scroll","background-type":"","background-media":"","overlay-type":"","overlay-color":"","overlay-opacity":"","overlay-gradient":""},"tablet":{"background-color":"","background-image":"","background-repeat":"repeat","background-position":"center center","background-size":"auto","background-attachment":"scroll","background-type":"","background-media":"","overlay-type":"","overlay-color":"","overlay-opacity":"","overlay-gradient":""},"mobile":{"background-color":"","background-image":"","background-repeat":"repeat","background-position":"center center","background-size":"auto","background-attachment":"scroll","background-type":"","background-media":"","overlay-type":"","overlay-color":"","overlay-opacity":"","overlay-gradient":""}},"ast-content-background-meta":{"desktop":{"background-color":"var(--ast-global-color-4)","background-image":"","background-repeat":"repeat","background-position":"center center","background-size":"auto","background-attachment":"scroll","background-type":"","background-media":"","overlay-type":"","overlay-color":"","overlay-opacity":"","overlay-gradient":""},"tablet":{"background-color":"var(--ast-global-color-4)","background-image":"","background-repeat":"repeat","background-position":"center center","background-size":"auto","background-attachment":"scroll","background-type":"","background-media":"","overlay-type":"","overlay-color":"","overlay-opacity":"","overlay-gradient":""},"mobile":{"background-color":"var(--ast-global-color-4)","background-image":"","background-repeat":"repeat","background-position":"center center","background-size":"auto","background-attachment":"scroll","background-type":"","background-media":"","overlay-type":"","overlay-color":"","overlay-opacity":"","overlay-gradient":""}},"footnotes":""},"class_list":["post-2471","page","type-page","status-publish","hentry"],"_links":{"self":[{"href":"https:\/\/moresults.pt\/en\/wp-json\/wp\/v2\/pages\/2471","targetHints":{"allow":["GET"]}}],"collection":[{"href":"https:\/\/moresults.pt\/en\/wp-json\/wp\/v2\/pages"}],"about":[{"href":"https:\/\/moresults.pt\/en\/wp-json\/wp\/v2\/types\/page"}],"author":[{"embeddable":true,"href":"https:\/\/moresults.pt\/en\/wp-json\/wp\/v2\/users\/1"}],"replies":[{"embeddable":true,"href":"https:\/\/moresults.pt\/en\/wp-json\/wp\/v2\/comments?post=2471"}],"version-history":[{"count":214,"href":"https:\/\/moresults.pt\/en\/wp-json\/wp\/v2\/pages\/2471\/revisions"}],"predecessor-version":[{"id":3253,"href":"https:\/\/moresults.pt\/en\/wp-json\/wp\/v2\/pages\/2471\/revisions\/3253"}],"wp:attachment":[{"href":"https:\/\/moresults.pt\/en\/wp-json\/wp\/v2\/media?parent=2471"}],"curies":[{"name":"wp","href":"https:\/\/api.w.org\/{rel}","templated":true}]}}