{"id":1582,"date":"2025-05-07T14:28:02","date_gmt":"2025-05-07T14:28:02","guid":{"rendered":"https:\/\/moresults.pt\/?page_id=1582"},"modified":"2026-04-16T11:13:31","modified_gmt":"2026-04-16T11:13:31","slug":"contactos","status":"publish","type":"page","link":"https:\/\/moresults.pt\/en\/contactos\/","title":{"rendered":"Contacts"},"content":{"rendered":"<div data-elementor-type=\"wp-page\" data-elementor-id=\"1582\" class=\"elementor elementor-1582\">\n\t\t\t\t<div class=\"elementor-element elementor-element-6b2dc19 pagina-teste-fundo e-flex e-con-boxed e-con e-parent\" data-id=\"6b2dc19\" data-element_type=\"container\" data-e-type=\"container\" data-settings=\"{&quot;background_background&quot;:&quot;classic&quot;}\">\n\t\t\t\t\t<div class=\"e-con-inner\">\n\t\t\t\t<div class=\"elementor-element elementor-element-8cdfc34 elementor-widget elementor-widget-html\" data-id=\"8cdfc34\" data-element_type=\"widget\" data-e-type=\"widget\" data-widget_type=\"html.default\">\n\t\t\t\t<div class=\"elementor-widget-container\">\n\t\t\t\t\t<div class=\"department-contacts\">\n  <h2 class=\"contact-section-title\">CONNECT WITH THE RIGHT PERSON<\/h2>\n  <h3 class=\"contact-section-title\">Here you will find our main contacts.<\/h3>\n\n  <!-- Introdu\u00e7\u00e3o com keyword SEO-friendly -->\n  <div class=\"contact-intro\">\n    <p>Need to contact the MORE Results team? This section gathers the direct <strong>contacts<\/strong> of our main departments, ensuring quick and effective communication. If you have any questions about our <a href=\"https:\/\/moresults.pt\/en\/servicos\/\">services<\/a>, projects or studies, please use the contacts below. The MORE Results team is ready to assist.\n<\/p>\n  <\/div>\n\n  <div class=\"department-grid\">\n    <div class=\"department-item general-inverted\">\n      <h2>General<\/h2>\n      <p>+351 213 900 003<\/p>\n      <a href=\"mailto:info@moresults.pt\">info@moresults.pt<\/a>\n    <\/div>\n    <div class=\"department-item\">\n      <h5>Sales<\/h5>\n      <p>Carla Dias<\/p>\n      <p>+351 969 169 048<\/p>\n      <a href=\"mailto:carla.dias@moresults.pt\">carla.dias@moresults.pt<\/a>\n    <\/div>\n    <div class=\"department-item\">\n      <h5>Financial<\/h5>\n      <p>Roman Korobka<\/p>\n      <p>+351 910 842 151<\/p>\n      <a href=\"mailto:roman.korobka@moresults.pt\">roman.korobka@moresults.pt<\/a>\n    <\/div>\n    <div class=\"department-item\">\n      <h5>Marketing and HR<\/h5>\n      <p>Nuno Trindade<\/p>\n      <p>+351 969 893 357<\/p>\n      <a href=\"mailto:nuno.trindade@moresults.pt\">nuno.trindade@moresults.pt<\/a>\n    <\/div>\n    <div class=\"department-item\">\n      <h5>General Management<\/h5>\n      <p>Lu\u00eds Duarte<\/p>\n      <p>+351 968 031 995<\/p>\n      <a href=\"mailto:luis.duarte@moresults.pt\">luis.duarte@moresults.pt<\/a>\n    <\/div>\n  <\/div>\n<\/div>\n\t\t\t\t<\/div>\n\t\t\t\t<\/div>\n\t\t\t\t<div class=\"elementor-element elementor-element-7e1215f contact-form elementor-widget elementor-widget-html\" data-id=\"7e1215f\" data-element_type=\"widget\" data-e-type=\"widget\" data-widget_type=\"html.default\">\n\t\t\t\t<div class=\"elementor-widget-container\">\n\t\t\t\t\t<section class=\"contact-section\">\n  <h2 class=\"contact-title\">WE\u2019D LOVE TO HEAR FROM YOU.<\/h2>\n  <p class=\"contact-subtitle\">Shall we work together? Get in touch with us.<\/p>\n\n  <div class=\"contact-content\">\n    <!-- Coluna do formul\u00e1rio -->\n    <div id=\"formulario\" class=\"contact-form\">\n      \n<div class=\"wpcf7 no-js\" id=\"wpcf7-f10-o1\" lang=\"pt-PT\" dir=\"ltr\" data-wpcf7-id=\"10\">\n<div class=\"screen-reader-response\"><p role=\"status\" aria-live=\"polite\" aria-atomic=\"true\"><\/p> <ul><\/ul><\/div>\n<form action=\"\/en\/wp-json\/wp\/v2\/pages\/1582#wpcf7-f10-o1\" method=\"post\" class=\"wpcf7-form init\" aria-label=\"Formul\u00e1rio de contacto\" novalidate=\"novalidate\" data-status=\"init\" data-trp-original-action=\"\/en\/wp-json\/wp\/v2\/pages\/1582#wpcf7-f10-o1\">\n<fieldset class=\"hidden-fields-container\"><input type=\"hidden\" name=\"_wpcf7\" value=\"10\" \/><input type=\"hidden\" name=\"_wpcf7_version\" value=\"6.1.4\" \/><input type=\"hidden\" name=\"_wpcf7_locale\" value=\"pt_PT\" \/><input type=\"hidden\" name=\"_wpcf7_unit_tag\" value=\"wpcf7-f10-o1\" \/><input type=\"hidden\" name=\"_wpcf7_container_post\" value=\"0\" \/><input type=\"hidden\" name=\"_wpcf7_posted_data_hash\" value=\"\" \/><input type=\"hidden\" name=\"_wpcf7_recaptcha_response\" value=\"\" \/>\n<\/fieldset>\n<p><label>Name<br \/>\n<span class=\"wpcf7-form-control-wrap\" data-name=\"nome\"><input size=\"40\" maxlength=\"400\" class=\"wpcf7-form-control wpcf7-text wpcf7-validates-as-required\" aria-required=\"true\" aria-invalid=\"false\" value=\"\" type=\"text\" name=\"nome\" \/><\/span> <\/label>\n<\/p>\n<p><label>Email<br \/>\n<span class=\"wpcf7-form-control-wrap\" data-name=\"email\"><input size=\"40\" maxlength=\"400\" class=\"wpcf7-form-control wpcf7-email wpcf7-validates-as-required wpcf7-text wpcf7-validates-as-email\" aria-required=\"true\" aria-invalid=\"false\" value=\"\" type=\"email\" name=\"email\" \/><\/span> <\/label>\n<\/p>\n<p><label>Mobile<br \/>\n<span class=\"wpcf7-form-control-wrap\" data-name=\"telefone\"><input size=\"40\" maxlength=\"400\" class=\"wpcf7-form-control wpcf7-tel wpcf7-validates-as-required wpcf7-text wpcf7-validates-as-tel\" aria-required=\"true\" aria-invalid=\"false\" value=\"\" type=\"tel\" name=\"telefone\" \/><\/span> <\/label>\n<\/p>\n<p><label>Subject<br \/>\n<span class=\"wpcf7-form-control-wrap\" data-name=\"assunto\"><input size=\"40\" maxlength=\"400\" class=\"wpcf7-form-control wpcf7-text wpcf7-validates-as-required\" aria-required=\"true\" aria-invalid=\"false\" value=\"\" type=\"text\" name=\"assunto\" \/><\/span> <\/label>\n<\/p>\n<p><label>Text<br \/>\n<span class=\"wpcf7-form-control-wrap\" data-name=\"mensagem\"><textarea cols=\"40\" rows=\"10\" maxlength=\"2000\" class=\"wpcf7-form-control wpcf7-textarea wpcf7-validates-as-required\" aria-required=\"true\" aria-invalid=\"false\" name=\"mensagem\"><\/textarea><\/span> <\/label>\n<\/p>\n<p><span class=\"wpcf7-form-control-wrap\" data-name=\"politica-obrigatoria\"><span class=\"wpcf7-form-control wpcf7-acceptance\"><span class=\"wpcf7-list-item\"><label><input type=\"checkbox\" name=\"politica-obrigatoria\" value=\"1\" aria-invalid=\"false\" \/><span class=\"wpcf7-list-item-label\">I declare that I have read and understood the <a href=\"https:\/\/moresults.pt\/en\/politica-de-privacidade\/\" target=\"_blank\">Privacy Policy<\/a> and <a href=\"https:\/\/moresults.pt\/en\/protecao-de-dados\/\" target=\"_blank\">Data Protection<\/a>.<\/span><\/label><\/span><\/span><\/span>\n<\/p>\n<p><input class=\"wpcf7-form-control wpcf7-submit has-spinner\" type=\"submit\" value=\"Submit\" \/>\n<\/p><input type='hidden' class='wpcf7-pum' value='{\"closepopup\":false,\"closedelay\":0,\"openpopup\":false,\"openpopup_id\":0}' \/><div class=\"wpcf7-response-output\" aria-hidden=\"true\"><\/div>\n<input type=\"hidden\" name=\"trp-form-language\" value=\"en\"\/><\/form>\n<\/div>\n\n    <\/div>\n\n    <!-- Coluna com informa\u00e7\u00f5es -->\n    <div class=\"contact-info\">\n      <div class=\"map-container\">\n        <iframe\n          src=\"https:\/\/www.google.com\/maps\/embed?pb=!1m18!1m12!1m3!1d3111.7953671641366!2d-9.137089524018994!3d38.726861456777446!2m3!1f0!2f0!3f0!3m2!1i1024!2i768!4f13.1!3m3!1m2!1s0xd1933836f0c7c11%3A0x28f3ff8718ecf67a!2sR.%20Cidade%20Liverpool%2016%2C%201170-097%20Lisboa!5e0!3m2!1sen!2spt!4v1715075100480!5m2!1sen!2spt\"\n          width=\"100%\" height=\"300\" style=\"border:0;\" allowfullscreen=\"\" loading=\"lazy\"\n          referrerpolicy=\"no-referrer-when-downgrade\"><\/iframe>\n\n        <!-- Bot\u00e3o com link externo -->\n        <div style=\"margin-top: 12px; text-align: center;\">\n          <a href=\"https:\/\/www.google.com\/maps\/place\/R.+Cidade+Liverpool+16,+1170-097+Lisboa\" target=\"_blank\" rel=\"nofollow noopener noreferrer\" class=\"external-map-button\">\n            Look it up on Google Maps\n          <\/a>\n        <\/div>\n      <\/div>\n    <\/div>\n  <\/div>\n<\/section>\n\t\t\t\t<\/div>\n\t\t\t\t<\/div>\n\t\t\t\t<div class=\"elementor-element elementor-element-7c79474 elementor-widget elementor-widget-html\" data-id=\"7c79474\" data-element_type=\"widget\" data-e-type=\"widget\" data-widget_type=\"html.default\">\n\t\t\t\t<div class=\"elementor-widget-container\">\n\t\t\t\t\t<script>\ndocument.addEventListener(\"DOMContentLoaded\", function () {\n  const container = document.querySelector('.pagina-teste-fundo');\n  if (container) {\n    const fundo = document.createElement('div');\n    fundo.className = 'fundo-animado';\n\n    for (let i = 1; i <= 10; i++) {\n      const blob = document.createElement('div');\n      blob.className = 'blob blob' + i;\n      fundo.appendChild(blob);\n    }\n\n    container.prepend(fundo);\n  }\n});\n<\/script>\n\t\t\t\t<\/div>\n\t\t\t\t<\/div>\n\t\t\t\t\t<\/div>\n\t\t\t\t<\/div>\n\t\t\t\t<\/div>","protected":false},"excerpt":{"rendered":"<p>LIGUE-SE \u00c0 PESSOA CERTA Aqui encontra os nossos principais contactos Precisa de contactar a equipa da MORE Results? Esta sec\u00e7\u00e3o [&hellip;]<\/p>\n","protected":false},"author":1,"featured_media":0,"parent":0,"menu_order":0,"comment_status":"closed","ping_status":"closed","template":"","meta":{"site-sidebar-layout":"no-sidebar","site-content-layout":"","ast-site-content-layout":"full-width-container","site-content-style":"default","site-sidebar-style":"default","ast-global-header-display":"","ast-banner-title-visibility":"","ast-main-header-display":"","ast-hfb-above-header-display":"","ast-hfb-below-header-display":"","ast-hfb-mobile-header-display":"","site-post-title":"disabled","ast-breadcrumbs-content":"","ast-featured-img":"disabled","footer-sml-layout":"","theme-transparent-header-meta":"","adv-header-id-meta":"","stick-header-meta":"","header-above-stick-meta":"","header-main-stick-meta":"","header-below-stick-meta":"","astra-migrate-meta-layouts":"default","ast-page-background-enabled":"default","ast-page-background-meta":{"desktop":{"background-color":"var(--ast-global-color-5)","background-image":"","background-repeat":"repeat","background-position":"center center","background-size":"auto","background-attachment":"scroll","background-type":"","background-media":"","overlay-type":"","overlay-color":"","overlay-opacity":"","overlay-gradient":""},"tablet":{"background-color":"","background-image":"","background-repeat":"repeat","background-position":"center center","background-size":"auto","background-attachment":"scroll","background-type":"","background-media":"","overlay-type":"","overlay-color":"","overlay-opacity":"","overlay-gradient":""},"mobile":{"background-color":"","background-image":"","background-repeat":"repeat","background-position":"center center","background-size":"auto","background-attachment":"scroll","background-type":"","background-media":"","overlay-type":"","overlay-color":"","overlay-opacity":"","overlay-gradient":""}},"ast-content-background-meta":{"desktop":{"background-color":"var(--ast-global-color-4)","background-image":"","background-repeat":"repeat","background-position":"center center","background-size":"auto","background-attachment":"scroll","background-type":"","background-media":"","overlay-type":"","overlay-color":"","overlay-opacity":"","overlay-gradient":""},"tablet":{"background-color":"var(--ast-global-color-4)","background-image":"","background-repeat":"repeat","background-position":"center center","background-size":"auto","background-attachment":"scroll","background-type":"","background-media":"","overlay-type":"","overlay-color":"","overlay-opacity":"","overlay-gradient":""},"mobile":{"background-color":"var(--ast-global-color-4)","background-image":"","background-repeat":"repeat","background-position":"center center","background-size":"auto","background-attachment":"scroll","background-type":"","background-media":"","overlay-type":"","overlay-color":"","overlay-opacity":"","overlay-gradient":""}},"footnotes":""},"class_list":["post-1582","page","type-page","status-publish","hentry"],"_links":{"self":[{"href":"https:\/\/moresults.pt\/en\/wp-json\/wp\/v2\/pages\/1582","targetHints":{"allow":["GET"]}}],"collection":[{"href":"https:\/\/moresults.pt\/en\/wp-json\/wp\/v2\/pages"}],"about":[{"href":"https:\/\/moresults.pt\/en\/wp-json\/wp\/v2\/types\/page"}],"author":[{"embeddable":true,"href":"https:\/\/moresults.pt\/en\/wp-json\/wp\/v2\/users\/1"}],"replies":[{"embeddable":true,"href":"https:\/\/moresults.pt\/en\/wp-json\/wp\/v2\/comments?post=1582"}],"version-history":[{"count":120,"href":"https:\/\/moresults.pt\/en\/wp-json\/wp\/v2\/pages\/1582\/revisions"}],"predecessor-version":[{"id":3159,"href":"https:\/\/moresults.pt\/en\/wp-json\/wp\/v2\/pages\/1582\/revisions\/3159"}],"wp:attachment":[{"href":"https:\/\/moresults.pt\/en\/wp-json\/wp\/v2\/media?parent=1582"}],"curies":[{"name":"wp","href":"https:\/\/api.w.org\/{rel}","templated":true}]}}